{"id":1086,"date":"2013-11-25T13:12:23","date_gmt":"2013-11-25T13:12:23","guid":{"rendered":"http:\/\/www.zvirek.net\/Kajkavskijezik\/?page_id=1086"},"modified":"2023-05-04T22:42:21","modified_gmt":"2023-05-04T20:42:21","slug":"pdf-prezentacije","status":"publish","type":"page","link":"https:\/\/kajkavski-jezik.eu\/en\/pdf-prezentacije\/","title":{"rendered":"PDF Presentations"},"content":{"rendered":"<p><img loading=\"lazy\" decoding=\"async\" src=\"http:\/\/www.zvirek.net\/Kajkavskijezik\/wp-content\/uploads\/pievec_300x300.jpeg\" alt=\"\" width=\"0\" height=\"0\" \/><\/p>\n<h3>Here are at one place our presentations about Kaikavian language.<br \/>\nFeel free to use them for you own presentations such as at schools. Presentations are in PDF format.<\/h3>\n<h2>In Kaikavian language<\/h2>\n<ol>\n<li><a href=\"http:\/\/www.zvirek.net\/Kajkavskijezik\/wp-content\/uploads\/Kajkavski-Glavne-karakteristike-Kajkavskoga-jezika.pdf\" target=\"_blank\" rel=\"noopener\">Gloavne karakteristike Kajkavskega jezika<\/a><\/li>\n<li><a href=\"http:\/\/www.zvirek.net\/Kajkavskijezik\/wp-content\/uploads\/Iste-karakteristike-Kajkavskoga-jezika-i-Zahodno-Slavenskeh.pdf\" target=\"_blank\" rel=\"noopener\">Iste karakteristike Kajkavskega jez\u00edka s Zah\u00f3dno-Slavenskem jez\u00edkom<\/a> kak Slova\u010dkem i \u010ce\u0161kem &#8211; komparacija spodobnosti<\/li>\n<li><a href=\"http:\/\/www.zvirek.net\/Kajkavskijezik\/wp-content\/uploads\/Kajkavska-Renesansa-gdo-kaj-v-6-kora\u010daji.pdf\" target=\"_blank\" rel=\"noopener\">Gdo smo mi je i kaj delame<\/a>\u00a0&#8211; v \u0161est kora\u010daj<\/li>\n<\/ol>\n<h2>IN ENGLISH<\/h2>\n<ol>\n<li><a href=\"http:\/\/www.zvirek.net\/Kajkavskijezik\/wp-content\/uploads\/Kaikavian-language-and-its-main-characteristics.pdf\" target=\"_blank\" rel=\"noopener\">Kaikavian language &amp; its main characteristics<\/a><\/li>\n<li><a href=\"http:\/\/www.zvirek.net\/Kajkavskijezik\/wp-content\/uploads\/Kaikavian-Renaissance_who_what_in_6_steps.pdf\" target=\"_blank\" rel=\"noopener\">Who we are &amp; what we do<\/a> &#8211; in 6 steps<\/li>\n<\/ol>\n<p><\/p>","protected":false},"excerpt":{"rendered":"<p>Here are at one place our presentations about Kaikavian language. Feel free to use them for you own presentations such as at schools. Presentations are in PDF format. In Kaikavian language Gloavne karakteristike Kajkavskega jezika Iste karakteristike Kajkavskega jez\u00edka s Zah\u00f3dno-Slavenskem jez\u00edkom kak Slova\u010dkem i \u010ce\u0161kem &#8211; komparacija spodobnosti Gdo smo mi je i kaj [&hellip;]<\/p>\n","protected":false},"author":1,"featured_media":0,"parent":0,"menu_order":0,"comment_status":"open","ping_status":"open","template":"","meta":{"site-sidebar-layout":"default","site-content-layout":"","ast-site-content-layout":"","site-content-style":"default","site-sidebar-style":"default","ast-global-header-display":"","ast-banner-title-visibility":"","ast-main-header-display":"","ast-hfb-above-header-display":"","ast-hfb-below-header-display":"","ast-hfb-mobile-header-display":"","site-post-title":"","ast-breadcrumbs-content":"","ast-featured-img":"","footer-sml-layout":"","theme-transparent-header-meta":"","adv-header-id-meta":"","stick-header-meta":"","header-above-stick-meta":"","header-main-stick-meta":"","header-below-stick-meta":"","astra-migrate-meta-layouts":"default","ast-page-background-enabled":"default","ast-page-background-meta":{"desktop":{"background-color":"var(--ast-global-color-4)","background-image":"","background-repeat":"repeat","background-position":"center center","background-size":"auto","background-attachment":"scroll","background-type":"","background-media":"","overlay-type":"","overlay-color":"","overlay-opacity":"","overlay-gradient":""},"tablet":{"background-color":"","background-image":"","background-repeat":"repeat","background-position":"center center","background-size":"auto","background-attachment":"scroll","background-type":"","background-media":"","overlay-type":"","overlay-color":"","overlay-opacity":"","overlay-gradient":""},"mobile":{"background-color":"","background-image":"","background-repeat":"repeat","background-position":"center center","background-size":"auto","background-attachment":"scroll","background-type":"","background-media":"","overlay-type":"","overlay-color":"","overlay-opacity":"","overlay-gradient":""}},"ast-content-background-meta":{"desktop":{"background-color":"var(--ast-global-color-5)","background-image":"","background-repeat":"repeat","background-position":"center center","background-size":"auto","background-attachment":"scroll","background-type":"","background-media":"","overlay-type":"","overlay-color":"","overlay-opacity":"","overlay-gradient":""},"tablet":{"background-color":"var(--ast-global-color-5)","background-image":"","background-repeat":"repeat","background-position":"center center","background-size":"auto","background-attachment":"scroll","background-type":"","background-media":"","overlay-type":"","overlay-color":"","overlay-opacity":"","overlay-gradient":""},"mobile":{"background-color":"var(--ast-global-color-5)","background-image":"","background-repeat":"repeat","background-position":"center center","background-size":"auto","background-attachment":"scroll","background-type":"","background-media":"","overlay-type":"","overlay-color":"","overlay-opacity":"","overlay-gradient":""}},"footnotes":""},"class_list":["post-1086","page","type-page","status-publish","hentry"],"_links":{"self":[{"href":"https:\/\/kajkavski-jezik.eu\/en\/wp-json\/wp\/v2\/pages\/1086"}],"collection":[{"href":"https:\/\/kajkavski-jezik.eu\/en\/wp-json\/wp\/v2\/pages"}],"about":[{"href":"https:\/\/kajkavski-jezik.eu\/en\/wp-json\/wp\/v2\/types\/page"}],"author":[{"embeddable":true,"href":"https:\/\/kajkavski-jezik.eu\/en\/wp-json\/wp\/v2\/users\/1"}],"replies":[{"embeddable":true,"href":"https:\/\/kajkavski-jezik.eu\/en\/wp-json\/wp\/v2\/comments?post=1086"}],"version-history":[{"count":8,"href":"https:\/\/kajkavski-jezik.eu\/en\/wp-json\/wp\/v2\/pages\/1086\/revisions"}],"predecessor-version":[{"id":2579,"href":"https:\/\/kajkavski-jezik.eu\/en\/wp-json\/wp\/v2\/pages\/1086\/revisions\/2579"}],"wp:attachment":[{"href":"https:\/\/kajkavski-jezik.eu\/en\/wp-json\/wp\/v2\/media?parent=1086"}],"curies":[{"name":"wp","href":"https:\/\/api.w.org\/{rel}","templated":true}]}}