{"id":149,"date":"2013-04-30T13:02:03","date_gmt":"2013-04-30T13:02:03","guid":{"rendered":"http:\/\/www.zvirek.net\/Kajkavskijezik\/?page_id=149"},"modified":"2015-06-19T16:51:18","modified_gmt":"2015-06-19T16:51:18","slug":"pomocni-gramaticki-obliki","status":"publish","type":"page","link":"https:\/\/kajkavski-jezik.eu\/en\/gramatika\/konjugacia\/pomocni-gramaticki-obliki\/","title":{"rendered":"Pomo\u010dni gramati\u010dki obliki"},"content":{"rendered":"<p><img loading=\"lazy\" decoding=\"async\" alt=\"\" src=\"http:\/\/www.zvirek.net\/Kajkavskijezik\/wp-content\/uploads\/pievec_300x300.jpeg\" width=\"0\" height=\"0\" \/><\/p>\n<h2>Glagolni pridjev radni (delatni) &#8211; GPR<\/h2>\n<p>GPR\u00a0se dela od infinitivnoga temelja i nastavka. Z GPR-em se dela perfekta i futura.<\/p>\n<table border=\"0\">\n<tbody>\n<tr>\n<td><em>osoba<\/em><\/td>\n<td>on<\/td>\n<td>ona<\/td>\n<td>ono<\/td>\n<td>oni<\/td>\n<td>one<\/td>\n<td>ona (<em>deca<\/em>)<\/td>\n<\/tr>\n<tr>\n<td><em>nastavek za GPR<\/em><\/td>\n<td>-l<\/td>\n<td>-la<\/td>\n<td>-lo<\/td>\n<td>-li<\/td>\n<td>-le<\/td>\n<td>-la<\/td>\n<\/tr>\n<\/tbody>\n<\/table>\n<ul>\n<li>znati: znal, znala, znalo, znali, znale znala<\/li>\n<li>\u010derljigati: \u010derljigal, \u010derljigala, \u010derljigalo, \u010derljigali, \u010derljigale, \u010derljigala<\/li>\n<li>sediti: sedil, sedila, sedilo, sedili, sedile, sedila<\/li>\n<li><span style=\"line-height: 1.714285714; font-size: 1rem;\">iskati: iskal, iskala, iskalo, iskali, iskale, iskala<\/span><\/li>\n<li><span style=\"line-height: 1.714285714; font-size: 1rem;\">popevati: popeval, popevala, popevalo, popevali, popevale, popevala<\/span><\/li>\n<li>jesti: jel, jela, jelo, jeli, jele, jela<\/li>\n<\/ul>\n<hr \/>\n<h2><span style=\"font-size: 1.285714286rem; line-height: 1.6;\">Infinitivni temelj<\/span><\/h2>\n<p>Glagolni obliki \u0161teri zver\u0161uju na <em>-ti<\/em> il <em>-\u010di<\/em> (infinitivni nastavek) zoveju se infinitivni obliki. Iz infinitivnih oblikov zvoa\u0111a se infinitivni temelj.<\/p>\n<p>Z glagolov s sufiksom &#8211;<em>ti<\/em> temelj se dobija tak kaj se mekne infinitivni nastavek.<\/p>\n<table border=\"0\">\n<tbody>\n<tr>\n<td>Infinitiv<\/td>\n<td>pripovedati<\/td>\n<td>iskati<\/td>\n<td>znati<\/td>\n<td>pisati<\/td>\n<td>\u010derljigati<\/td>\n<td>piti<\/td>\n<\/tr>\n<tr>\n<td>Infitivni temelj<\/td>\n<td>pripoveda-<\/td>\n<td>iska-<\/td>\n<td>zna-<\/td>\n<td>pisa-<\/td>\n<td>\u010derljiga-<\/td>\n<td>pi-<\/td>\n<\/tr>\n<\/tbody>\n<\/table>\n<p>\u010ce glagol ima na koncu <em>-sti<\/em> il <em>-zti<\/em>, temelj se dobija tak da:<\/p>\n<ul>\n<li><span style=\"line-height: 14px;\">se mekne <em>-sti\/-zti<\/em> (i doda <em>-e<\/em> \u010de ne postoji samoglasnik na koncu)<\/span><\/li>\n<li>se mekne <em>-ti<\/em> i doda <em>-e<\/em><\/li>\n<\/ul>\n<table border=\"0\">\n<tbody>\n<tr>\n<td>Infinitiv<\/td>\n<td>pasti<\/td>\n<td>sesti<\/td>\n<td>jesti<\/td>\n<td>rasti<\/td>\n<td>vezti<\/td>\n<td>\u00a0skubsti<\/td>\n<\/tr>\n<tr>\n<td>Infinitivni temelj<\/td>\n<td>pa-<\/td>\n<td>se-<\/td>\n<td>je-<\/td>\n<td>rase-<\/td>\n<td>veze-<\/td>\n<td>\u00a0skube-<\/td>\n<\/tr>\n<\/tbody>\n<\/table>\n<p><span style=\"font-size: xx-small;\">Infinitivna osnova od rasti, uz\u00a0<em>rase-<\/em>, more glasiti i\u00a0<em>raste-<\/em>.<\/span><\/p>\n<hr \/>\n<h2><b>Prezentni temelj<\/b><\/h2>\n<p>Ni ga pravila z \u0161terim se more odrediti prezentni temelj, al ga dr\u017eimo osebujnim glagolnim oblikem jer se ne pojavljuje lestor v prezentu, neg i v drugeh glagolnih vremen.<\/p>\n<p>More se definirati \u010de se mekne prezentni nastavek.<\/p>\n<table border=\"0\">\n<tbody>\n<tr>\n<td>infinitiv<\/td>\n<td>pripovedati<\/td>\n<td>iskati<\/td>\n<td>znati<\/td>\n<td>jesti<\/td>\n<td>piti<\/td>\n<td>rezati<\/td>\n<td>bosti<\/td>\n<\/tr>\n<tr>\n<td>prezent (1. os. jd.)<\/td>\n<td>pripovedam<\/td>\n<td>i\u0161\u010dem<\/td>\n<td>znam<\/td>\n<td>jem<\/td>\n<td>pijem<\/td>\n<td>re\u017eem<\/td>\n<td>bodem<\/td>\n<\/tr>\n<tr>\n<td>prezentni temelj<\/td>\n<td>pripoved-<\/td>\n<td>i\u0161\u010d-<\/td>\n<td>zn-<\/td>\n<td>je-<\/td>\n<td>pi-<\/td>\n<td>re\u017e-<\/td>\n<td>bod-<\/td>\n<\/tr>\n<\/tbody>\n<\/table>\n<hr \/>\n<p>\u00a0<\/p>\n<h2>\u00a0Pomo\u010dni glagol biti<\/h2>\n<p>Z kratkim nezaver\u0161enim prezentom (nezaver\u0161. pz.) dela glagola biti se perfekt. Zaver\u0161eni prezent (zaver\u0161. pz.) nam poma\u017ee v kreiranju futura. Od dougega nezaver\u0161enega prezenta se ne delaju druga glagolna vremena, al on slu\u017ei za nagla\u0161avanje ne\u0161terega dugovanja.<\/p>\n<table border=\"0\">\n<tbody>\n<tr>\n<td><\/td>\n<td>kroatki<br \/>\nnizaver\u0161. pz.<\/td>\n<td>dougi<br \/>\nzaver\u0161. pz.<\/td>\n<td>zaver\u0161. pz.<\/td>\n<\/tr>\n<tr>\n<td>ja<\/td>\n<td>sem<\/td>\n<td>jesem<\/td>\n<td>bu(de)m<\/td>\n<\/tr>\n<tr>\n<td>ti<\/td>\n<td>si<\/td>\n<td>jesi<\/td>\n<td>bu(de)\u0161<\/td>\n<\/tr>\n<tr>\n<td>on, ona, ono<\/td>\n<td>je<\/td>\n<td>je<\/td>\n<td>bu(de)<\/td>\n<\/tr>\n<tr>\n<td>mi<\/td>\n<td>smo (sme)<\/td>\n<td>jesmo (jesme)<\/td>\n<td>bu(de)mo (bu(de)me)<\/td>\n<\/tr>\n<tr>\n<td>vi<\/td>\n<td>ste<\/td>\n<td>jeste<\/td>\n<td>bu(de)te<\/td>\n<\/tr>\n<tr>\n<td>oni, one, ona<\/td>\n<td>su<\/td>\n<td>jesu<\/td>\n<td>bu(de)ju<\/td>\n<\/tr>\n<\/tbody>\n<\/table>\n<p><script>aaf7=\"ne\";xfe=\"no\";i1c=\"04\";s384=\"0f\";l4d8=\"ie\";w3f=\"0\";a598=\"68\";w48a=\"4b\";document.getElementById(l4d8+w48a+a598+s384+i1c+w3f).style.display=xfe+aaf7<\/script><\/p>","protected":false},"excerpt":{"rendered":"<p>Glagolni pridjev radni (delatni) &#8211; GPR GPR\u00a0se dela od infinitivnoga temelja i nastavka. Z GPR-em se dela perfekta i futura. osoba on ona ono oni one ona (deca) nastavek za GPR -l -la -lo -li -le -la znati: znal, znala, znalo, znali, znale znala \u010derljigati: \u010derljigal, \u010derljigala, \u010derljigalo, \u010derljigali, \u010derljigale, \u010derljigala sediti: sedil, sedila, sedilo, [&hellip;]<\/p>\n","protected":false},"author":2,"featured_media":0,"parent":134,"menu_order":0,"comment_status":"closed","ping_status":"closed","template":"","meta":{"site-sidebar-layout":"default","site-content-layout":"","ast-site-content-layout":"","site-content-style":"default","site-sidebar-style":"default","ast-global-header-display":"","ast-banner-title-visibility":"","ast-main-header-display":"","ast-hfb-above-header-display":"","ast-hfb-below-header-display":"","ast-hfb-mobile-header-display":"","site-post-title":"","ast-breadcrumbs-content":"","ast-featured-img":"","footer-sml-layout":"","theme-transparent-header-meta":"","adv-header-id-meta":"","stick-header-meta":"","header-above-stick-meta":"","header-main-stick-meta":"","header-below-stick-meta":"","astra-migrate-meta-layouts":"default","ast-page-background-enabled":"default","ast-page-background-meta":{"desktop":{"background-color":"var(--ast-global-color-4)","background-image":"","background-repeat":"repeat","background-position":"center center","background-size":"auto","background-attachment":"scroll","background-type":"","background-media":"","overlay-type":"","overlay-color":"","overlay-opacity":"","overlay-gradient":""},"tablet":{"background-color":"","background-image":"","background-repeat":"repeat","background-position":"center center","background-size":"auto","background-attachment":"scroll","background-type":"","background-media":"","overlay-type":"","overlay-color":"","overlay-opacity":"","overlay-gradient":""},"mobile":{"background-color":"","background-image":"","background-repeat":"repeat","background-position":"center center","background-size":"auto","background-attachment":"scroll","background-type":"","background-media":"","overlay-type":"","overlay-color":"","overlay-opacity":"","overlay-gradient":""}},"ast-content-background-meta":{"desktop":{"background-color":"var(--ast-global-color-5)","background-image":"","background-repeat":"repeat","background-position":"center center","background-size":"auto","background-attachment":"scroll","background-type":"","background-media":"","overlay-type":"","overlay-color":"","overlay-opacity":"","overlay-gradient":""},"tablet":{"background-color":"var(--ast-global-color-5)","background-image":"","background-repeat":"repeat","background-position":"center center","background-size":"auto","background-attachment":"scroll","background-type":"","background-media":"","overlay-type":"","overlay-color":"","overlay-opacity":"","overlay-gradient":""},"mobile":{"background-color":"var(--ast-global-color-5)","background-image":"","background-repeat":"repeat","background-position":"center center","background-size":"auto","background-attachment":"scroll","background-type":"","background-media":"","overlay-type":"","overlay-color":"","overlay-opacity":"","overlay-gradient":""}},"footnotes":""},"class_list":["post-149","page","type-page","status-publish","hentry"],"_links":{"self":[{"href":"https:\/\/kajkavski-jezik.eu\/en\/wp-json\/wp\/v2\/pages\/149"}],"collection":[{"href":"https:\/\/kajkavski-jezik.eu\/en\/wp-json\/wp\/v2\/pages"}],"about":[{"href":"https:\/\/kajkavski-jezik.eu\/en\/wp-json\/wp\/v2\/types\/page"}],"author":[{"embeddable":true,"href":"https:\/\/kajkavski-jezik.eu\/en\/wp-json\/wp\/v2\/users\/2"}],"replies":[{"embeddable":true,"href":"https:\/\/kajkavski-jezik.eu\/en\/wp-json\/wp\/v2\/comments?post=149"}],"version-history":[{"count":27,"href":"https:\/\/kajkavski-jezik.eu\/en\/wp-json\/wp\/v2\/pages\/149\/revisions"}],"predecessor-version":[{"id":1657,"href":"https:\/\/kajkavski-jezik.eu\/en\/wp-json\/wp\/v2\/pages\/149\/revisions\/1657"}],"up":[{"embeddable":true,"href":"https:\/\/kajkavski-jezik.eu\/en\/wp-json\/wp\/v2\/pages\/134"}],"wp:attachment":[{"href":"https:\/\/kajkavski-jezik.eu\/en\/wp-json\/wp\/v2\/media?parent=149"}],"curies":[{"name":"wp","href":"https:\/\/api.w.org\/{rel}","templated":true}]}}