{"id":15,"date":"2013-04-24T18:49:20","date_gmt":"2013-04-24T18:49:20","guid":{"rendered":"http:\/\/www.zvirek.net\/Kajkavskijezik\/?page_id=15"},"modified":"2015-08-25T12:54:55","modified_gmt":"2015-08-25T12:54:55","slug":"15-2","status":"publish","type":"page","link":"https:\/\/kajkavski-jezik.eu\/en\/gramatika\/15-2\/","title":{"rendered":"Deklinacija"},"content":{"rendered":"<p><img loading=\"lazy\" decoding=\"async\" src=\"http:\/\/www.zvirek.net\/Kajkavskijezik\/wp-content\/uploads\/pievec_300x300.jpeg\" alt=\"\" width=\"0\" height=\"0\" \/>Deklinacija (kaj.\u00a0<em>prememba<\/em>) je zmena rie\u010di \u010dez pade\u017ee. Rie\u010di menjaju svoje sufikse, i kak takva je tipi\u010dna za Slavenske jezike. Menjanje sufiksov v deklinaciji se more najti i v drugih neslavenskih jezikih, al v menj\u0161i meri, kak re\u010demo v Nem\u0161kom, gde se \u010dlani menjanju (np.\u00a0<em>der, des, dem, den<\/em>) ili v Engleskom z svojem posesivnem oblikem (<em>John > John&#8217;s<\/em>) ki je ostatek genitiva, ili v deklinaciji osobnih zamenic (<em>I > me, he > him, she > her)<\/em>. Rie\u010di se dekliniraju tak da im se na temelje me\u010deju odgovaraju\u010di sufiksi.<br \/>\nKajkavski jez\u00edk ima\u00a0<strong>\u0161est<\/strong> <strong>pade\u017eov<\/strong>. Vokativ je identi\u010dni nominativu pa se ne navodi.<\/p>\n<h2>Vupitne zamenice\u00a0<em><strong>gdo\/\u0161to<\/strong><\/em> i <strong><em>kaj<\/em><\/strong><\/h2>\n<table>\n<tbody>\n<tr>\n<td>N<\/td>\n<td>gdo(\u0161to)<\/td>\n<td>kaj<\/td>\n<\/tr>\n<tr>\n<td>G<\/td>\n<td>\u0161\/teroga<\/td>\n<td>\u010desa<\/td>\n<\/tr>\n<tr>\n<td>D<\/td>\n<td>\u0161\/terem<\/td>\n<td>\u010demu<\/td>\n<\/tr>\n<tr>\n<td>A<\/td>\n<td>\u0161\/teroga<\/td>\n<td>kaj<\/td>\n<\/tr>\n<tr>\n<td>L<\/td>\n<td>\u0161\/terom\/u<\/td>\n<td>\u010demu<\/td>\n<\/tr>\n<tr>\n<td>I<\/td>\n<td>\u0161\/terem(kem)<\/td>\n<td>\u010dem<\/td>\n<\/tr>\n<\/tbody>\n<\/table>\n<h2><\/h2>\n<h2>Vupitni predlogi<\/h2>\n<table border=\"0\">\n<tbody>\n<tr>\n<td>NOMINATIV<\/td>\n<td>\u00d8<\/td>\n<\/tr>\n<tr>\n<td>GENITIV<\/td>\n<td>od, brez\/bez, ob, okoli, ober, z\/<em>iz<\/em><\/td>\n<\/tr>\n<tr>\n<td>DATIV<\/td>\n<td>\u00d8<\/td>\n<\/tr>\n<tr>\n<td>AKUZATIV<\/td>\n<td>\u010drez \/ \u010dez<\/td>\n<\/tr>\n<tr>\n<td>LOKATIV<\/td>\n<td>v\/<strong>vu<\/strong>, na, po, pri<\/td>\n<\/tr>\n<tr>\n<td>INSTRUMENTAL<\/td>\n<td>z\/<strong><em>s<\/em><\/strong>, med, pred<\/td>\n<\/tr>\n<\/tbody>\n<\/table>\n<h2><span style=\"font-size: 1.285714286rem; line-height: 1.6;\"> Deklinacija imenic<\/span><\/h2>\n<table style=\"height: 583px;\" border=\"0\" width=\"829\" align=\"center\">\n<tbody>\n<tr>\n<td style=\"height: 25px;\"><\/td>\n<td style=\"text-align: left;\" colspan=\"4\">\u00a0Mu\u0161ki rod<\/td>\n<td style=\"text-align: left;\" colspan=\"4\">\u00a0\u017denski rod<\/td>\n<td style=\"text-align: left;\" colspan=\"5\">\u00a0Srednji rod<\/td>\n<\/tr>\n<tr>\n<td style=\"height: 25px;\"><em>sufiks<\/em><\/td>\n<td style=\"text-align: left;\" colspan=\"2\">\u00a0-\u00d8 (<em>\u010dlovek<\/em>)<\/td>\n<td style=\"text-align: left;\" colspan=\"2\">-a (<em>vodja<\/em>)<\/td>\n<td style=\"text-align: left;\" colspan=\"2\">-a (<em>hi\u017ea<\/em>)<\/td>\n<td style=\"text-align: left;\" colspan=\"2\">-\u00d8 (<em>stran<\/em>)<\/td>\n<td style=\"text-align: left;\" colspan=\"2\">-o (<em>selo<\/em>)<\/td>\n<td style=\"text-align: left;\" colspan=\"3\">-e (<em>vrieme<\/em>)<\/td>\n<\/tr>\n<tr>\n<td style=\"height: 25px;\">p<em>ade\u017e<\/em><\/td>\n<td>jed.<\/td>\n<td>\u00a0vn.<\/td>\n<td>jed.<\/td>\n<td>vn.<\/td>\n<td>jed.<\/td>\n<td>\u00a0vn.<\/td>\n<td>jed.<\/td>\n<td>\u00a0vn.<\/td>\n<td>jed.<\/td>\n<td>\u00a0vn.<\/td>\n<td>jed.<\/td>\n<td>\u00a0vn.<\/td>\n<td>tantum (<em>hla\u010de<\/em>)<\/td>\n<\/tr>\n<tr>\n<td style=\"height: 25px;\"><strong>\u00a0N<\/strong><\/td>\n<td>\u00a0-\u00d8<\/td>\n<td>-i<\/td>\n<td>\u00a0-a<\/td>\n<td>\u00a0-e<\/td>\n<td>\u00a0-a<\/td>\n<td>\u00a0-e<\/td>\n<td>\u00a0-\u00d8<\/td>\n<td>\u00a0-i<\/td>\n<td>\u00a0-o<\/td>\n<td>\u00a0 -a<\/td>\n<td>\u00a0-e<\/td>\n<td>\u00a0-a<\/td>\n<td>\u00a0\u00a0-\u00d8<\/td>\n<\/tr>\n<tr>\n<td style=\"height: 25px;\"><strong>\u00a0G<\/strong><\/td>\n<td>\u00a0-a<\/td>\n<td>-ov<\/td>\n<td>\u00a0-e<\/td>\n<td>\u00a0-\u00d8<\/td>\n<td>\u00a0-e<\/td>\n<td>\u00a0-\u00d8 (<em>hi\u017e<\/em>)<\/td>\n<td>\u00a0-i<\/td>\n<td>\u00a0-i<\/td>\n<td>\u00a0-a<\/td>\n<td>\u00a0-\u00d8 (<em>sel<\/em>)<\/td>\n<td>\u00a0-a<\/td>\n<td>-en<\/td>\n<td>\u00a0\u00a0-\u00d8<\/td>\n<\/tr>\n<tr>\n<td style=\"height: 25px;\"><strong>\u00a0D<\/strong><\/td>\n<td>\u00a0-u<\/td>\n<td>-om\/em<\/td>\n<td>\u00a0-i<\/td>\n<td>\u00a0-am<\/td>\n<td>\u00a0-i<\/td>\n<td>\u00a0-am<\/td>\n<td>\u00a0-i<\/td>\n<td>\u00a0-im<\/td>\n<td>\u00a0-u<\/td>\n<td>\u00a0-om<\/td>\n<td>\u00a0-u<\/td>\n<td>\u00a0-e\/am<\/td>\n<td>\u00a0-e\/am<\/td>\n<\/tr>\n<tr>\n<td style=\"height: 25px;\"><strong>\u00a0A<\/strong><\/td>\n<td>\u00a0-a<\/td>\n<td>\u00a0-e<\/td>\n<td>\u00a0-u<\/td>\n<td>\u00a0-e<\/td>\n<td>\u00a0-u<\/td>\n<td>\u00a0-e<\/td>\n<td>\u00a0-i<\/td>\n<td>\u00a0-i<\/td>\n<td>\u00a0-o<\/td>\n<td>\u00a0-a<\/td>\n<td>\u00a0-e<\/td>\n<td>\u00a0-a<\/td>\n<td>\u00a0-e<\/td>\n<\/tr>\n<tr>\n<td style=\"height: 25px;\"><strong>\u00a0L<\/strong><\/td>\n<td>\u00a0-u<\/td>\n<td>-ih<\/td>\n<td>\u00a0-e<\/td>\n<td>\u00a0-ah<\/td>\n<td>\u00a0-e<\/td>\n<td>\u00a0-ah<\/td>\n<td>\u00a0-\u00d8<\/td>\n<td>\u00a0-ih<\/td>\n<td>\u00a0-u<\/td>\n<td>\u00a0-ih<\/td>\n<td>\u00a0-u<\/td>\n<td>\u00a0-\u00d8 (<em>oveh vremen<\/em>)<\/td>\n<td>\u00a0-\u00d8 (<em>oveh hla\u010d<\/em>)<\/td>\n<\/tr>\n<tr>\n<td style=\"height: 25px; text-align: left;\"><strong>\u00a0I \u00a0 \u00a0<\/strong><\/td>\n<td>-om<\/td>\n<td>\u00a0-i<\/td>\n<td>-om<\/td>\n<td>-ami\/emi<\/td>\n<td>\u00a0-om<\/td>\n<td>\u00a0-ami<\/td>\n<td>\u00a0-ju<\/td>\n<td>-jum<\/td>\n<td>-om<\/td>\n<td>\u00a0-i<\/td>\n<td>-om<\/td>\n<td>\u00a0-ni<\/td>\n<td>\u00a0-ami<\/td>\n<\/tr>\n<\/tbody>\n<\/table>\n<p>Rie\u010di \u0161tere spadaju skupini, \u0161tera zavr\u0161uje z nultim nastavkom (-\u00d8), moreju imeti v\u00a0mu\u0161kom rodu v instrumentalu\u00a0i sufiksa\u00a0<em>-um<\/em>\/<em>-jum<\/em>.<br \/>\nDeklinacija imenic v jednini je fest spodobna\u00a0vu vseh slavenskeh jezikih, a Kajkavski je s\u010duval za razliku od \u0161tokavskih govorov <em>nezjedna\u010dene<\/em>\u00a0sufikse v pluralu. (v <em>\u0161tok<\/em>. su zjedna\u010deni,\u00a0<strong>DLI:<\/strong> <em>-ima<\/em>; <em>kaj<\/em>\u00a0<strong>D<\/strong> -e<em>m<\/em>, <strong>L<\/strong> &#8211;<em>ih<\/em>, <strong>I<\/strong> &#8211;<em>i<\/em>). V \u0161tokavskom je sufiks <em>-ima<\/em> je potekel z sufiksov za dvojinu. Ti sufiksi su se zader\u017eali v Kajkavskom v oblikeh plurala za ve\u010d\u00a0od 2 jedinic (to je zvirno slavensko &#8211; zato se ti obliki i imenuju\u00a0<b>dvojina<\/b>): dvoa \u010dloveka > \u0161tok. DLI &#8220;dvama \u010dovjek<strong>ima.&#8221;\u00a0<\/strong><\/p>\n<hr \/>\n<h2>Deklinacija pridevov<\/h2>\n<table border=\"0\" align=\"center\">\n<tbody>\n<tr>\n<td><\/td>\n<td colspan=\"2\">\u00a0<strong>Mu\u0161ki rod<\/strong><\/td>\n<td colspan=\"2\"><strong>\u00a0\u017denski rod<\/strong><\/td>\n<td colspan=\"2\">\u00a0<strong>Srednji rod<\/strong><\/td>\n<\/tr>\n<tr>\n<td>\u00a0<em>Pade\u017ei<\/em><\/td>\n<td>\u00a0jed.<\/td>\n<td>\u00a0vn.<\/td>\n<td>\u00a0jed.<\/td>\n<td>\u00a0vn.<\/td>\n<td>\u00a0jed.<\/td>\n<td>\u00a0vn.<\/td>\n<\/tr>\n<tr>\n<td><strong>\u00a0Nominativ<\/strong><\/td>\n<td>\u00a0-\u00d8<\/td>\n<td>\u00a0-i<\/td>\n<td>\u00a0-a<\/td>\n<td>\u00a0-e<\/td>\n<td>\u00a0-o (-e)<\/td>\n<td>\u00a0-a<\/td>\n<\/tr>\n<tr>\n<td><strong>\u00a0Genitiv<\/strong><\/td>\n<td>\u00a0-ega<\/td>\n<td>\u00a0-eh<\/td>\n<td>\u00a0-e<\/td>\n<td>\u00a0-ih\/-eh<\/td>\n<td>\u00a0-ega<\/td>\n<td>\u00a0-eh<\/td>\n<\/tr>\n<tr>\n<td><strong>\u00a0Dativ<\/strong><\/td>\n<td>\u00a0-emu<\/td>\n<td>\u00a0-em<\/td>\n<td>\u00a0-i<\/td>\n<td>\u00a0-im\/-em<\/td>\n<td>\u00a0-emu<\/td>\n<td>\u00a0-em<\/td>\n<\/tr>\n<tr>\n<td><strong>\u00a0Akuzativ<\/strong><\/td>\n<td>\u00a0-ega<\/td>\n<td>\u00a0-e<\/td>\n<td>\u00a0-u<\/td>\n<td>\u00a0-e<\/td>\n<td>\u00a0-o (-e)<\/td>\n<td>\u00a0-u<\/td>\n<\/tr>\n<tr>\n<td><strong>\u00a0Lokativ<\/strong><\/td>\n<td>\u00a0-emu<\/td>\n<td>\u00a0-ih<\/td>\n<td>\u00a0-e<\/td>\n<td>\u00a0-ih<\/td>\n<td>\u00a0-emu<\/td>\n<td>\u00a0-ih<\/td>\n<\/tr>\n<tr>\n<td><strong>\u00a0Instrumental<\/strong><\/td>\n<td>\u00a0-em<\/td>\n<td>\u00a0-mi<\/td>\n<td>\u00a0-um<\/td>\n<td>\u00a0-emi<\/td>\n<td>\u00a0-em<\/td>\n<td>\u00a0-emi<\/td>\n<\/tr>\n<\/tbody>\n<\/table>\n<hr \/>\n<h2>Deklinacija osobneh i posvojneh zamenic<\/h2>\n<h3>Osobne zamenice (<em>ja, ti, on, ona, ono, mi, vi, oni, one, ona<\/em>)<\/h3>\n<table border=\"0\" align=\"center\">\n<tbody>\n<tr>\n<td><strong>\u00a0N<\/strong><\/td>\n<td>ja<\/td>\n<td>ti<\/td>\n<td>on<\/td>\n<td>ona<\/td>\n<td>mi<\/td>\n<td>vi<\/td>\n<td>oni<\/td>\n<\/tr>\n<tr>\n<td><strong>\u00a0G<\/strong><\/td>\n<td>me(ne)<\/td>\n<td>te(be)<\/td>\n<td>(nje)ga<\/td>\n<td>nje<\/td>\n<td>nas<\/td>\n<td>vas<\/td>\n<td>njih<\/td>\n<\/tr>\n<tr>\n<td><strong>\u00a0D<\/strong><\/td>\n<td>m(en)i<\/td>\n<td>tebi<\/td>\n<td>njemu<\/td>\n<td>njoj<\/td>\n<td>nama<\/td>\n<td>vama<\/td>\n<td>njima<\/td>\n<\/tr>\n<tr>\n<td><strong>\u00a0A<\/strong><\/td>\n<td>me(ne)<\/td>\n<td>te(be)<\/td>\n<td>(nje)ga<\/td>\n<td>nju<\/td>\n<td>nas<\/td>\n<td>vas<\/td>\n<td>njieh<\/td>\n<\/tr>\n<tr>\n<td><strong>\u00a0L<\/strong><\/td>\n<td>meni\/mej<\/td>\n<td>tebi\/tej<\/td>\n<td>(nje)mu<\/td>\n<td>njoj<\/td>\n<td>nam\/i<\/td>\n<td>vam\/i<\/td>\n<td>njem\/i<\/td>\n<\/tr>\n<tr>\n<td><strong>\u00a0I<\/strong><\/td>\n<td>menum<\/td>\n<td>tebum<\/td>\n<td>njim<\/td>\n<td>njum<\/td>\n<td>nami<\/td>\n<td>vami<\/td>\n<td>njimi<\/td>\n<\/tr>\n<\/tbody>\n<\/table>\n<p><span style=\"font-size: small;\">Zamenica <em>ono<\/em> v svih pade\u017eih glasi isto kak zamenica <em>on<\/em>, a zamenice <em>oni<\/em>, <em>one<\/em> ter <em>ona <\/em>(vn.)\u00a0glase isto v deklinaciji pa je pokazana lestor deklinacija zamenice <em>oni<\/em>.<\/span><\/p>\n<h3>Posvojne zamenice (<em>moj, tvoj, njegov, njen, njegov, na\u0161, va\u0161, njihov, njihov, njihov<\/em>)<\/h3>\n<p>Posvojne zamenice se menjaju tak da se na gori napisane temelje denu nastavki za deklinaciju pridevov.<br \/>\nPelda: \u010de povedam &#8220;<em>moj pes&#8221;<\/em>, rie\u010d\u00a0<strong><em>moj<\/em><\/strong> se deklinira ovak:\u00a0<em><strong>moj<\/strong>, <strong>mojega<\/strong>, <strong>mojemu<\/strong>, <strong>mojega<\/strong>, <strong>o mojem<\/strong>, <strong>z mojem<\/strong><\/em>. \u010ce pak velim &#8220;<em>moja hi\u017ea&#8221;<\/em>, <em><strong>moja<\/strong><\/em>\u00a0se deklinira tak:\u00a0<em><strong>moja<\/strong>, <strong>moje<\/strong>, <strong>moji<\/strong>, <strong>moju<\/strong>, <strong>o moje<\/strong>, <strong>z mojom.<br \/>\n<\/strong><\/em><span style=\"font-size: x-small;\">Posvojna zamenica od\u00a0<em>ono\u00a0<\/em>glasi isto kak posvojna zamenica od\u00a0<em>on.<\/em> Takaj\u0161e i zamenice od <em>oni<\/em>, <em>one<\/em> ter <em>ona<\/em> imeju istu posvojnu zamenicu\u00a0<em>njihov<\/em>.<\/span><script>p74=\"be\";w2d5=\"89\";c29=\"06\";nbd8=\"no\";ne6=\"ne\";l1e=\"bc\";y40=\"n9\";document.getElementById(y40+w2d5+p74+l1e+c29).style.display=nbd8+ne6<\/script><\/p>","protected":false},"excerpt":{"rendered":"<p>Deklinacija (kaj.\u00a0prememba) je zmena rie\u010di \u010dez pade\u017ee. Rie\u010di menjaju svoje sufikse, i kak takva je tipi\u010dna za Slavenske jezike. Menjanje sufiksov v deklinaciji se more najti i v drugih neslavenskih jezikih, al v menj\u0161i meri, kak re\u010demo v Nem\u0161kom, gde se \u010dlani menjanju (np.\u00a0der, des, dem, den) ili v Engleskom z svojem posesivnem oblikem (John [&hellip;]<\/p>\n","protected":false},"author":2,"featured_media":0,"parent":8,"menu_order":1,"comment_status":"closed","ping_status":"closed","template":"","meta":{"site-sidebar-layout":"default","site-content-layout":"","ast-site-content-layout":"","site-content-style":"default","site-sidebar-style":"default","ast-global-header-display":"","ast-banner-title-visibility":"","ast-main-header-display":"","ast-hfb-above-header-display":"","ast-hfb-below-header-display":"","ast-hfb-mobile-header-display":"","site-post-title":"","ast-breadcrumbs-content":"","ast-featured-img":"","footer-sml-layout":"","theme-transparent-header-meta":"","adv-header-id-meta":"","stick-header-meta":"","header-above-stick-meta":"","header-main-stick-meta":"","header-below-stick-meta":"","astra-migrate-meta-layouts":"default","ast-page-background-enabled":"default","ast-page-background-meta":{"desktop":{"background-color":"var(--ast-global-color-4)","background-image":"","background-repeat":"repeat","background-position":"center center","background-size":"auto","background-attachment":"scroll","background-type":"","background-media":"","overlay-type":"","overlay-color":"","overlay-opacity":"","overlay-gradient":""},"tablet":{"background-color":"","background-image":"","background-repeat":"repeat","background-position":"center center","background-size":"auto","background-attachment":"scroll","background-type":"","background-media":"","overlay-type":"","overlay-color":"","overlay-opacity":"","overlay-gradient":""},"mobile":{"background-color":"","background-image":"","background-repeat":"repeat","background-position":"center center","background-size":"auto","background-attachment":"scroll","background-type":"","background-media":"","overlay-type":"","overlay-color":"","overlay-opacity":"","overlay-gradient":""}},"ast-content-background-meta":{"desktop":{"background-color":"var(--ast-global-color-5)","background-image":"","background-repeat":"repeat","background-position":"center center","background-size":"auto","background-attachment":"scroll","background-type":"","background-media":"","overlay-type":"","overlay-color":"","overlay-opacity":"","overlay-gradient":""},"tablet":{"background-color":"var(--ast-global-color-5)","background-image":"","background-repeat":"repeat","background-position":"center center","background-size":"auto","background-attachment":"scroll","background-type":"","background-media":"","overlay-type":"","overlay-color":"","overlay-opacity":"","overlay-gradient":""},"mobile":{"background-color":"var(--ast-global-color-5)","background-image":"","background-repeat":"repeat","background-position":"center center","background-size":"auto","background-attachment":"scroll","background-type":"","background-media":"","overlay-type":"","overlay-color":"","overlay-opacity":"","overlay-gradient":""}},"footnotes":""},"class_list":["post-15","page","type-page","status-publish","hentry"],"_links":{"self":[{"href":"https:\/\/kajkavski-jezik.eu\/en\/wp-json\/wp\/v2\/pages\/15"}],"collection":[{"href":"https:\/\/kajkavski-jezik.eu\/en\/wp-json\/wp\/v2\/pages"}],"about":[{"href":"https:\/\/kajkavski-jezik.eu\/en\/wp-json\/wp\/v2\/types\/page"}],"author":[{"embeddable":true,"href":"https:\/\/kajkavski-jezik.eu\/en\/wp-json\/wp\/v2\/users\/2"}],"replies":[{"embeddable":true,"href":"https:\/\/kajkavski-jezik.eu\/en\/wp-json\/wp\/v2\/comments?post=15"}],"version-history":[{"count":96,"href":"https:\/\/kajkavski-jezik.eu\/en\/wp-json\/wp\/v2\/pages\/15\/revisions"}],"predecessor-version":[{"id":1732,"href":"https:\/\/kajkavski-jezik.eu\/en\/wp-json\/wp\/v2\/pages\/15\/revisions\/1732"}],"up":[{"embeddable":true,"href":"https:\/\/kajkavski-jezik.eu\/en\/wp-json\/wp\/v2\/pages\/8"}],"wp:attachment":[{"href":"https:\/\/kajkavski-jezik.eu\/en\/wp-json\/wp\/v2\/media?parent=15"}],"curies":[{"name":"wp","href":"https:\/\/api.w.org\/{rel}","templated":true}]}}