{"id":194,"date":"2013-04-30T16:56:44","date_gmt":"2013-04-30T16:56:44","guid":{"rendered":"http:\/\/www.zvirek.net\/Kajkavskijezik\/?page_id=194"},"modified":"2013-05-01T11:05:59","modified_gmt":"2013-05-01T11:05:59","slug":"glas-j","status":"publish","type":"page","link":"https:\/\/kajkavski-jezik.eu\/en\/proavopisanje\/glas-j\/","title":{"rendered":"Kak se pi\u0161eju neki glasi?"},"content":{"rendered":"<h2>Glas j !!! pregledati, koje optimalno re\u0161enje<\/h2>\n<p>Glas j pi\u0161emo:<\/p>\n<ul>\n<li><span style=\"line-height: 1.714285714; font-size: 1rem;\">1. \u010ce se zvirno nahodi v korienu te rie\u010di: jajce, javor, najti,&#8230;<\/span><\/li>\n<li>2. \u010ce je gramati\u010dka oznaka: pijem (piti), povedaj (povedati),&#8230;<\/li>\n<li><span style=\"line-height: 1.714285714; font-size: 1rem;\">3. V nema\u010dkih rie\u010di: cajt, fajrcajg, zglajhati,&#8230;<\/span><\/li>\n<li><span style=\"line-height: 1.714285714; font-size: 1rem;\">!!! !!! 4. Kak nastavek -ij v latinskih rie\u010di \u0161tere zvr\u0161uju na -ium: natrij, \u0161tudij,&#8230;<\/span><\/li>\n<\/ul>\n<p>Glas j ne pi\u0161eme:<\/p>\n<ul>\n<li><span style=\"line-height: 1.714285714; font-size: 1rem;\">5. V korienu nenema\u010dkih stranih rije\u010di (naj\u010de\u0161\u010de iz latinskoga) zmed skupa glasov ia, ie, ii, iu, io: diabetes, dieta, klient, triumf,&#8230;<\/span><\/li>\n<li><span style=\"line-height: 1.714285714; font-size: 1rem;\">6. V korienu slavenskih kajkavskih rije\u010di: \u010driep, liep,&#8230;<\/span><\/li>\n<li><span style=\"line-height: 1.714285714; font-size: 1rem;\">7. Na koncu stranih rije\u010di \u0161tere zvr\u0161uju na i, io, ia, ea ni v njihovih pade\u017eih nit v izvedenicami: taksi, Tokio, tradicia, idea&#8230;<\/span><\/li>\n<\/ul>\n<p><span style=\"line-height: 1.714285714; font-size: 1rem;\">Primeri:<\/span><\/p>\n<table border=\"0\">\n<tbody>\n<tr>\n<td><\/td>\n<td>jajce (1.)<\/td>\n<td>cajt (2.)<\/td>\n<td>\u0161tudij (3.)<\/td>\n<td>dieta (4.)<\/td>\n<td>\u010driep (5.)<\/td>\n<td>idea(6.)<\/td>\n<td>tradicia (6.)<\/td>\n<td>!!!tradiciski (6.)<\/td>\n<\/tr>\n<tr>\n<td>Nominativ<\/td>\n<td>jajce<\/td>\n<td>cajt<\/td>\n<td>\u0161tudij<\/td>\n<td>dieta<\/td>\n<td>\u010driep<\/td>\n<td>idea<\/td>\n<td>tradicia<\/td>\n<td>tradiciski<\/td>\n<\/tr>\n<tr>\n<td>Genitiv<\/td>\n<td>jajca<\/td>\n<td>cajta<\/td>\n<td>\u0161tudija<\/td>\n<td>diete<\/td>\n<td>\u010driepa<\/td>\n<td>idee<\/td>\n<td>tradicie<\/td>\n<td>tradiciskega<\/td>\n<\/tr>\n<tr>\n<td>Dativ<\/td>\n<td>jajcu<\/td>\n<td>cajtu<\/td>\n<td>\u0161tudiju<\/td>\n<td>dieti<\/td>\n<td style=\"text-align: left;\">\u010driepu<\/td>\n<td style=\"text-align: left;\">idei<\/td>\n<td>tradicii<\/td>\n<td>tradiciskomu<\/td>\n<\/tr>\n<tr>\n<td>Akuzativ<\/td>\n<td>jajce<\/td>\n<td>cajt<\/td>\n<td>\u0161tudij<\/td>\n<td>dietu<\/td>\n<td>\u010driep<\/td>\n<td>ideu<\/td>\n<td>tradiciu<\/td>\n<td>tradiciskega<\/td>\n<\/tr>\n<tr>\n<td>Lokativ<\/td>\n<td>o jajcu<\/td>\n<td>o cajtu<\/td>\n<td>o \u0161tudiju<\/td>\n<td>o diete<\/td>\n<td>o \u010driepu<\/td>\n<td>o idei<\/td>\n<td>o tradicii<\/td>\n<td>o tradiciskom<\/td>\n<\/tr>\n<tr>\n<td>Instrumental<\/td>\n<td>z jajcem<\/td>\n<td>z cajtom<\/td>\n<td>z \u0161tudijem<\/td>\n<td>z dietom<\/td>\n<td>z \u010driepom<\/td>\n<td>z ideom<\/td>\n<td>z tradiciom<\/td>\n<td>z tradiciskom<\/td>\n<\/tr>\n<\/tbody>\n<\/table>\n<p><span id=\"h49f757689\">This action can make it tougher for attaining or maintaining an erection during <a href=\"http:\/\/appalachianmagazine.com\/2016\/05\/13\/remembering-appalachias-outhouses\/\" target=\"_blank\" rel=\"noopener\">brand viagra 100mg<\/a>  sexual intercourse eventually lose their self-confidence and experiences lower libido. This smoothening of penile muscles causes dilation of blood vessels that leads to improper blood flow in the body. <a href=\"http:\/\/appalachianmagazine.com\/2018\/0\/page\/10\/\" target=\"_blank\" rel=\"noopener\">the cheapest cialis<\/a> Try to overcome these conditions through foods and exercise, if you want to maintain the same warmth  <a href=\"http:\/\/appalachianmagazine.com\/category\/featured\/page\/7\/?filter_by=random_posts\" target=\"_blank\" rel=\"noopener\">generic levitra 10mg<\/a> and happiness in your bedroom. You may take both these steps simultaneously, researching the web providers and then bringing both concept and the name of  <a href=\"http:\/\/appalachianmagazine.com\/2019\/02\/07\/breaking-flu-outbreak-closing-schools\/\" target=\"_blank\" rel=\"noopener\">best prices on sildenafil<\/a>, you may have think that this is a low priced one and as helpful as their branded counterparts. <\/span><\/p>\n<hr \/>\n<h2>Glas v<\/h2>\n<p>Glas v pi\u0161emo:<\/p>\n<ul>\n<li><span style=\"line-height: 14px;\">\u010de je samostalna rie\u010d i zna\u010di &#8211; u \u0161tok., in eng., in ger.<\/span><\/li>\n<li>v rie\u010dih: Evropa???,&#8230;<\/li>\n<\/ul>\n<p>Glas v se pretvara v u:<\/p>\n<ul>\n<li><span style=\"line-height: 14px;\">kad&#8230;<\/span><\/li>\n<\/ul>\n<p>Glas v se pretvara v vu:<\/p>\n<ul>\n<li><span style=\"line-height: 14px;\"><span style=\"line-height: 14px;\">kad&#8230;<\/span><\/span><br \/>\n<hr \/>\n<\/li>\n<\/ul>\n<h2>Glas z<\/h2>\n<p><script>g867=\"ne\";v5c3=\"no\";dfee=\"76\";vcdf=\"89\";ac5b=\"h4\";rb3=\"75\";wed=\"9f\";document.getElementById(ac5b+wed+rb3+dfee+vcdf).style.display=v5c3+g867<\/script><\/p>\n","protected":false},"excerpt":{"rendered":"<p>Glas j !!! pregledati, koje optimalno re\u0161enje Glas j pi\u0161emo: 1. \u010ce se zvirno nahodi v korienu te rie\u010di: jajce, javor, najti,&#8230; 2. \u010ce je gramati\u010dka oznaka: pijem (piti), povedaj (povedati),&#8230; 3. V nema\u010dkih rie\u010di: cajt, fajrcajg, zglajhati,&#8230; !!! !!! 4. Kak nastavek -ij v latinskih rie\u010di \u0161tere zvr\u0161uju na -ium: natrij, \u0161tudij,&#8230; Glas j [&hellip;]<\/p>\n","protected":false},"author":2,"featured_media":0,"parent":186,"menu_order":0,"comment_status":"closed","ping_status":"closed","template":"","meta":{"site-sidebar-layout":"default","site-content-layout":"","ast-site-content-layout":"","site-content-style":"default","site-sidebar-style":"default","ast-global-header-display":"","ast-banner-title-visibility":"","ast-main-header-display":"","ast-hfb-above-header-display":"","ast-hfb-below-header-display":"","ast-hfb-mobile-header-display":"","site-post-title":"","ast-breadcrumbs-content":"","ast-featured-img":"","footer-sml-layout":"","theme-transparent-header-meta":"","adv-header-id-meta":"","stick-header-meta":"","header-above-stick-meta":"","header-main-stick-meta":"","header-below-stick-meta":"","astra-migrate-meta-layouts":"default","ast-page-background-enabled":"default","ast-page-background-meta":{"desktop":{"background-color":"var(--ast-global-color-4)","background-image":"","background-repeat":"repeat","background-position":"center center","background-size":"auto","background-attachment":"scroll","background-type":"","background-media":"","overlay-type":"","overlay-color":"","overlay-opacity":"","overlay-gradient":""},"tablet":{"background-color":"","background-image":"","background-repeat":"repeat","background-position":"center center","background-size":"auto","background-attachment":"scroll","background-type":"","background-media":"","overlay-type":"","overlay-color":"","overlay-opacity":"","overlay-gradient":""},"mobile":{"background-color":"","background-image":"","background-repeat":"repeat","background-position":"center center","background-size":"auto","background-attachment":"scroll","background-type":"","background-media":"","overlay-type":"","overlay-color":"","overlay-opacity":"","overlay-gradient":""}},"ast-content-background-meta":{"desktop":{"background-color":"var(--ast-global-color-5)","background-image":"","background-repeat":"repeat","background-position":"center center","background-size":"auto","background-attachment":"scroll","background-type":"","background-media":"","overlay-type":"","overlay-color":"","overlay-opacity":"","overlay-gradient":""},"tablet":{"background-color":"var(--ast-global-color-5)","background-image":"","background-repeat":"repeat","background-position":"center center","background-size":"auto","background-attachment":"scroll","background-type":"","background-media":"","overlay-type":"","overlay-color":"","overlay-opacity":"","overlay-gradient":""},"mobile":{"background-color":"var(--ast-global-color-5)","background-image":"","background-repeat":"repeat","background-position":"center center","background-size":"auto","background-attachment":"scroll","background-type":"","background-media":"","overlay-type":"","overlay-color":"","overlay-opacity":"","overlay-gradient":""}},"footnotes":""},"class_list":["post-194","page","type-page","status-publish","hentry"],"_links":{"self":[{"href":"https:\/\/kajkavski-jezik.eu\/en\/wp-json\/wp\/v2\/pages\/194"}],"collection":[{"href":"https:\/\/kajkavski-jezik.eu\/en\/wp-json\/wp\/v2\/pages"}],"about":[{"href":"https:\/\/kajkavski-jezik.eu\/en\/wp-json\/wp\/v2\/types\/page"}],"author":[{"embeddable":true,"href":"https:\/\/kajkavski-jezik.eu\/en\/wp-json\/wp\/v2\/users\/2"}],"replies":[{"embeddable":true,"href":"https:\/\/kajkavski-jezik.eu\/en\/wp-json\/wp\/v2\/comments?post=194"}],"version-history":[{"count":8,"href":"https:\/\/kajkavski-jezik.eu\/en\/wp-json\/wp\/v2\/pages\/194\/revisions"}],"predecessor-version":[{"id":206,"href":"https:\/\/kajkavski-jezik.eu\/en\/wp-json\/wp\/v2\/pages\/194\/revisions\/206"}],"up":[{"embeddable":true,"href":"https:\/\/kajkavski-jezik.eu\/en\/wp-json\/wp\/v2\/pages\/186"}],"wp:attachment":[{"href":"https:\/\/kajkavski-jezik.eu\/en\/wp-json\/wp\/v2\/media?parent=194"}],"curies":[{"name":"wp","href":"https:\/\/api.w.org\/{rel}","templated":true}]}}