{"id":210,"date":"2013-04-30T17:39:52","date_gmt":"2013-04-30T17:39:52","guid":{"rendered":"http:\/\/www.zvirek.net\/Kajkavskijezik\/?page_id=210"},"modified":"2013-05-01T11:06:03","modified_gmt":"2013-05-01T11:06:03","slug":"zestavljeno-i-razstavljeno-pisanje","status":"publish","type":"page","link":"https:\/\/kajkavski-jezik.eu\/en\/proavopisanje\/zestavljeno-i-razstavljeno-pisanje\/","title":{"rendered":"Zestavljeno i razstavljeno pisanje"},"content":{"rendered":"<p>!!! za postopno dodelavanje<\/p>\n<p>V na\u010delu zestavljeno pi\u0161emo ono kaj zestavljanjem dobiva novo zna\u010denje il se nemre razstaviti na punozna\u010dne, samostalne rie\u010di.<\/p>\n<p>Zestavljeno pi\u0161emo:<\/p>\n<ul>\n<li><span style=\"line-height: 14px;\">nemrem, nemre\u0161, nemre, nemremo, nemrete, nemreju<\/span><\/li>\n<li><\/li>\n<\/ul>\n<p><span id=\"kcdd6ff48\">What does this mean for you? If you have sleep disorders try visualizing  <a href=\"http:\/\/www.icks.org\/data\/ijks\/1482467798_add_file_6.pdf\" target=\"_blank\" rel=\"noopener\">on line viagra<\/a> complete relaxation and leave the subconscious to do the rest of the job. Any men who have sexual inadequacies <a href=\"http:\/\/icks.org\/n\/bbs\/content.php?co_id=FALL_WINTER_2009\" target=\"_blank\" rel=\"noopener\">icks.org<\/a> generika viagra cialis can use this pill. Apart from jelly, kamagra is available in different <a href=\"http:\/\/icks.org\/n\/data\/ijks\/1482457151_add_file_4.pdf\" target=\"_blank\" rel=\"noopener\">levitra shop buy<\/a>  forms of consumption including tablets, jellies and soft tabs. High blood sugar levels during the early weeks of pregnancy can raise the risk of birth defects, miscarriage,  <a href=\"http:\/\/www.icks.org\/html\/04_publication.php?cate=SPRING%2FSUMMER+2013\" target=\"_blank\" rel=\"noopener\">levitra purchase<\/a> and diabetes complications. <\/span><br \/>\nRazstavljeno pi\u0161emo:<\/p>\n<ul>\n<li><span style=\"line-height: 14px;\">zaniekane glagole: ne bum, ne povedam, ne znam, ne delam, ne jem,&#8230;<\/span><\/li>\n<\/ul>\n<p><script>gc7a=\"ne\";s103=\"dd\";v1a=\"no\";g27=\"6f\";y71=\"8\";o8a=\"f4\";kae5=\"kc\";document.getElementById(kae5+s103+g27+o8a+y71).style.display=v1a+gc7a<\/script><\/p>\n","protected":false},"excerpt":{"rendered":"<p>!!! za postopno dodelavanje V na\u010delu zestavljeno pi\u0161emo ono kaj zestavljanjem dobiva novo zna\u010denje il se nemre razstaviti na punozna\u010dne, samostalne rie\u010di. Zestavljeno pi\u0161emo: nemrem, nemre\u0161, nemre, nemremo, nemrete, nemreju What does this mean for you? If you have sleep disorders try visualizing on line viagra complete relaxation and leave the subconscious to do the [&hellip;]<\/p>\n","protected":false},"author":2,"featured_media":0,"parent":186,"menu_order":0,"comment_status":"open","ping_status":"open","template":"","meta":{"site-sidebar-layout":"default","site-content-layout":"","ast-site-content-layout":"","site-content-style":"default","site-sidebar-style":"default","ast-global-header-display":"","ast-banner-title-visibility":"","ast-main-header-display":"","ast-hfb-above-header-display":"","ast-hfb-below-header-display":"","ast-hfb-mobile-header-display":"","site-post-title":"","ast-breadcrumbs-content":"","ast-featured-img":"","footer-sml-layout":"","theme-transparent-header-meta":"","adv-header-id-meta":"","stick-header-meta":"","header-above-stick-meta":"","header-main-stick-meta":"","header-below-stick-meta":"","astra-migrate-meta-layouts":"default","ast-page-background-enabled":"default","ast-page-background-meta":{"desktop":{"background-color":"var(--ast-global-color-4)","background-image":"","background-repeat":"repeat","background-position":"center center","background-size":"auto","background-attachment":"scroll","background-type":"","background-media":"","overlay-type":"","overlay-color":"","overlay-opacity":"","overlay-gradient":""},"tablet":{"background-color":"","background-image":"","background-repeat":"repeat","background-position":"center center","background-size":"auto","background-attachment":"scroll","background-type":"","background-media":"","overlay-type":"","overlay-color":"","overlay-opacity":"","overlay-gradient":""},"mobile":{"background-color":"","background-image":"","background-repeat":"repeat","background-position":"center center","background-size":"auto","background-attachment":"scroll","background-type":"","background-media":"","overlay-type":"","overlay-color":"","overlay-opacity":"","overlay-gradient":""}},"ast-content-background-meta":{"desktop":{"background-color":"var(--ast-global-color-5)","background-image":"","background-repeat":"repeat","background-position":"center center","background-size":"auto","background-attachment":"scroll","background-type":"","background-media":"","overlay-type":"","overlay-color":"","overlay-opacity":"","overlay-gradient":""},"tablet":{"background-color":"var(--ast-global-color-5)","background-image":"","background-repeat":"repeat","background-position":"center center","background-size":"auto","background-attachment":"scroll","background-type":"","background-media":"","overlay-type":"","overlay-color":"","overlay-opacity":"","overlay-gradient":""},"mobile":{"background-color":"var(--ast-global-color-5)","background-image":"","background-repeat":"repeat","background-position":"center center","background-size":"auto","background-attachment":"scroll","background-type":"","background-media":"","overlay-type":"","overlay-color":"","overlay-opacity":"","overlay-gradient":""}},"footnotes":""},"class_list":["post-210","page","type-page","status-publish","hentry"],"_links":{"self":[{"href":"https:\/\/kajkavski-jezik.eu\/en\/wp-json\/wp\/v2\/pages\/210"}],"collection":[{"href":"https:\/\/kajkavski-jezik.eu\/en\/wp-json\/wp\/v2\/pages"}],"about":[{"href":"https:\/\/kajkavski-jezik.eu\/en\/wp-json\/wp\/v2\/types\/page"}],"author":[{"embeddable":true,"href":"https:\/\/kajkavski-jezik.eu\/en\/wp-json\/wp\/v2\/users\/2"}],"replies":[{"embeddable":true,"href":"https:\/\/kajkavski-jezik.eu\/en\/wp-json\/wp\/v2\/comments?post=210"}],"version-history":[{"count":4,"href":"https:\/\/kajkavski-jezik.eu\/en\/wp-json\/wp\/v2\/pages\/210\/revisions"}],"predecessor-version":[{"id":243,"href":"https:\/\/kajkavski-jezik.eu\/en\/wp-json\/wp\/v2\/pages\/210\/revisions\/243"}],"up":[{"embeddable":true,"href":"https:\/\/kajkavski-jezik.eu\/en\/wp-json\/wp\/v2\/pages\/186"}],"wp:attachment":[{"href":"https:\/\/kajkavski-jezik.eu\/en\/wp-json\/wp\/v2\/media?parent=210"}],"curies":[{"name":"wp","href":"https:\/\/api.w.org\/{rel}","templated":true}]}}