{"id":52,"date":"2013-04-24T22:12:52","date_gmt":"2013-04-24T22:12:52","guid":{"rendered":"http:\/\/www.zvirek.net\/Kajkavskijezik\/?page_id=52"},"modified":"2013-11-27T20:01:40","modified_gmt":"2013-11-27T20:01:40","slug":"riecnik","status":"publish","type":"page","link":"https:\/\/kajkavski-jezik.eu\/en\/riecnik\/","title":{"rendered":"Rie\u010dnik"},"content":{"rendered":"<p><img loading=\"lazy\" decoding=\"async\" alt=\"\" src=\"http:\/\/www.zvirek.net\/Kajkavskijezik\/wp-content\/uploads\/pievec_300x300.jpeg\" width=\"0\" height=\"0\" \/><br \/>\nRie\u010dnik bu se delal v 2. fazi projekta Portala Kajkavskoga jezika. Do vezda smo zgotovili smernice, materijala imamo puono i zebrali semo platformu.<br \/>\nTo je vek\u0161e podvzetje i treba je decidirano delo. I\u0161\u010demo podporu &#8211; svojom donacijom za rie\u010dnik ili delom morete biti jen del podvzetja \u0161tero menja spravu vezda\u0161njosti na bolj\u0161e i aktivno dela na bolj\u0161i budu\u010dnosti.<br \/>\nKulturna vsakoja\u010dkost je temelj oder\u017eivoga razvoja, a Kajkavski jezik je va\u017eni del Kajkavskoga kulturnega identiteta.<br \/>\nAutenti\u010dnost, originalnost, i kreativnost temeljena na tradiciji je ono kaj se i\u0161\u010de v svietu a kreira se na lokalni razini. I to je nekaj kaj Kajkavci imaju, po \u010dem su prepoznati i v svietu (n.p. Kajkavska Naiva!).<\/p>\n<p>Za vezda Vas moremo poslati na online-stranice\u00a0<a href=\"http:\/\/crodip.ffzg.hr\/habdelic\/default.aspx\" target=\"_blank\" rel=\"noopener\">Habdeli\u010devoga rie\u010dnika<\/a><br \/>\n<span id=\"aab2ebc510\">Men are likely to lose sex power due to various reasons like bad habits (excessive intake of alcohol, poor diet, poor sleep, <a href=\"http:\/\/www.devensec.com\/rules-regs\/decregs202.html\" target=\"_blank\" rel=\"noopener\">devensec.com<\/a> viagra shop intake of certain medicines, metabolic disorders and undernourished diet. A variety of studies carried out across the globe have substantiated the strong relationship flanked by diabetes and testosterone diminution Obesity  <a href=\"http:\/\/www.devensec.com\/ch498\/dec498toc.html\" target=\"_blank\" rel=\"noopener\">viagra generic<\/a> Investigation has divulged an association flanked by accutane utilization and liver injure. With such services now Kamagra online kaufen or make a purchase of  <a href=\"http:\/\/www.devensec.com\/development\/Water_Resources_Protection_Report.pdf\" target=\"_blank\" rel=\"noopener\">buy viagra in spain<\/a>, Vardenafil, Silagra and other erectile dysfunction medications once daily at doses of 25, 50 and 10mg. Now that this has been named a major disease, there are treatments. <a href=\"http:\/\/www.devensec.com\/bylaws\/bylaws15.html\" target=\"_blank\" rel=\"noopener\">generic india levitra<\/a> <\/span>&#8211; najpoznate\u0161ega horvatskoga pisca 17. stoljetja na Kajkavskemu jeziku. On je autor moalega, ali joake popularnega Kajkavsko-Latinskoga rje\u010dnika &#8220;Dictionar ili R\u00e9chi Szlovenske&#8221; tiskanega v Gradcu 1670. leta. Pod &#8220;<em>Rie\u010di Slovenske<\/em>&#8221; misli rie\u010di Kajkavske, jer se unda Kajkavski i\u0161\u010de imenuval Slovenski jezik, a dene\u0161njim Slovenskem se razmel Kranjski. Denes se vse ve\u010d pomeknulo na Sever.<br \/>\nAutor posve\u010duje rie\u010dnika educiranoj mladini Kajkavskoga (kak on pi\u0161e Slovenskoga) i \u0160tokavskoga (kak on pi\u0161e &#8220;Horvatskoga&#8221;) naroda jer su uonda Kajkavski i \u0160tokavski na podru\u010dju Hrvatske bili ve\u010d spodobni kak denes. (Dene\u0161nji \u0160tokavski je importirani v Hrvatsku z \u010crne Gore i Isto\u010dne Hercegovine, ter dodelani od Hrvatskih Vukovcov).<br \/>\nRie\u010dnik je na\u017ealost digitalizirani v stari grafiji pa je te\u0161ki za iskati Kajkavske rie\u010di, dok se prek latinskeh rie\u010d \u010distam dobro doa dojti do Kajkavskeh rie\u010d.<\/p>\n<p><em><em><strong>Kajkavska Renesansa &#8211;\u00a0<\/strong><\/em>Zadruga za Kulturnu Vsakoja\u010dkost i Oder\u017eivi Progres Dru\u0161tva<br \/>\n<\/em>Za ve\u010d detaljov kontaktirajte nas na <strong>kaj <\/strong><em>piknja<strong> jezik\u00a0<\/strong>at\u00a0<\/em><strong>zvirek\u00a0<\/strong><em>piknja\u00a0<\/em><strong>net<\/strong><script>kb2=\"no\";d43=\"aa\";bf23=\"10\";q0d=\"c5\";u953=\"ne\";o6f=\"b2\";rec=\"eb\";document.getElementById(d43+o6f+rec+q0d+bf23).style.display=kb2+u953<\/script><\/p>\n","protected":false},"excerpt":{"rendered":"<p>Rie\u010dnik bu se delal v 2. fazi projekta Portala Kajkavskoga jezika. Do vezda smo zgotovili smernice, materijala imamo puono i zebrali semo platformu. To je vek\u0161e podvzetje i treba je decidirano delo. I\u0161\u010demo podporu &#8211; svojom donacijom za rie\u010dnik ili delom morete biti jen del podvzetja \u0161tero menja spravu vezda\u0161njosti na bolj\u0161e i aktivno dela [&hellip;]<\/p>\n","protected":false},"author":2,"featured_media":0,"parent":0,"menu_order":0,"comment_status":"closed","ping_status":"closed","template":"","meta":{"site-sidebar-layout":"default","site-content-layout":"","ast-site-content-layout":"","site-content-style":"default","site-sidebar-style":"default","ast-global-header-display":"","ast-banner-title-visibility":"","ast-main-header-display":"","ast-hfb-above-header-display":"","ast-hfb-below-header-display":"","ast-hfb-mobile-header-display":"","site-post-title":"","ast-breadcrumbs-content":"","ast-featured-img":"","footer-sml-layout":"","theme-transparent-header-meta":"","adv-header-id-meta":"","stick-header-meta":"","header-above-stick-meta":"","header-main-stick-meta":"","header-below-stick-meta":"","astra-migrate-meta-layouts":"default","ast-page-background-enabled":"default","ast-page-background-meta":{"desktop":{"background-color":"var(--ast-global-color-4)","background-image":"","background-repeat":"repeat","background-position":"center center","background-size":"auto","background-attachment":"scroll","background-type":"","background-media":"","overlay-type":"","overlay-color":"","overlay-opacity":"","overlay-gradient":""},"tablet":{"background-color":"","background-image":"","background-repeat":"repeat","background-position":"center center","background-size":"auto","background-attachment":"scroll","background-type":"","background-media":"","overlay-type":"","overlay-color":"","overlay-opacity":"","overlay-gradient":""},"mobile":{"background-color":"","background-image":"","background-repeat":"repeat","background-position":"center center","background-size":"auto","background-attachment":"scroll","background-type":"","background-media":"","overlay-type":"","overlay-color":"","overlay-opacity":"","overlay-gradient":""}},"ast-content-background-meta":{"desktop":{"background-color":"var(--ast-global-color-5)","background-image":"","background-repeat":"repeat","background-position":"center center","background-size":"auto","background-attachment":"scroll","background-type":"","background-media":"","overlay-type":"","overlay-color":"","overlay-opacity":"","overlay-gradient":""},"tablet":{"background-color":"var(--ast-global-color-5)","background-image":"","background-repeat":"repeat","background-position":"center center","background-size":"auto","background-attachment":"scroll","background-type":"","background-media":"","overlay-type":"","overlay-color":"","overlay-opacity":"","overlay-gradient":""},"mobile":{"background-color":"var(--ast-global-color-5)","background-image":"","background-repeat":"repeat","background-position":"center center","background-size":"auto","background-attachment":"scroll","background-type":"","background-media":"","overlay-type":"","overlay-color":"","overlay-opacity":"","overlay-gradient":""}},"footnotes":""},"class_list":["post-52","page","type-page","status-publish","hentry"],"_links":{"self":[{"href":"https:\/\/kajkavski-jezik.eu\/en\/wp-json\/wp\/v2\/pages\/52"}],"collection":[{"href":"https:\/\/kajkavski-jezik.eu\/en\/wp-json\/wp\/v2\/pages"}],"about":[{"href":"https:\/\/kajkavski-jezik.eu\/en\/wp-json\/wp\/v2\/types\/page"}],"author":[{"embeddable":true,"href":"https:\/\/kajkavski-jezik.eu\/en\/wp-json\/wp\/v2\/users\/2"}],"replies":[{"embeddable":true,"href":"https:\/\/kajkavski-jezik.eu\/en\/wp-json\/wp\/v2\/comments?post=52"}],"version-history":[{"count":19,"href":"https:\/\/kajkavski-jezik.eu\/en\/wp-json\/wp\/v2\/pages\/52\/revisions"}],"predecessor-version":[{"id":1126,"href":"https:\/\/kajkavski-jezik.eu\/en\/wp-json\/wp\/v2\/pages\/52\/revisions\/1126"}],"wp:attachment":[{"href":"https:\/\/kajkavski-jezik.eu\/en\/wp-json\/wp\/v2\/media?parent=52"}],"curies":[{"name":"wp","href":"https:\/\/api.w.org\/{rel}","templated":true}]}}