{"id":659,"date":"2013-09-22T09:30:17","date_gmt":"2013-09-22T09:30:17","guid":{"rendered":"http:\/\/www.zvirek.net\/Kajkavskijezik\/?page_id=659"},"modified":"2019-06-18T19:16:35","modified_gmt":"2019-06-18T17:16:35","slug":"kajkavska-tradicionalna-kultura","status":"publish","type":"page","link":"https:\/\/kajkavski-jezik.eu\/en\/kajkavska-tradicionalna-kultura\/","title":{"rendered":"Traditional Kaikavian culture"},"content":{"rendered":"<p><img loading=\"lazy\" decoding=\"async\" src=\"http:\/\/www.zvirek.net\/Kajkavskijezik\/wp-content\/uploads\/pievec_300x300.jpeg\" alt=\"\" width=\"0\" height=\"0\" \/> What does traditional Kaikavian culture consists of? Kaikavian traditional culture is made of diverse cultural expressions which were created by Kaikavians in their more than a thousand years old dialog within Central-European circle in which they emerged as a distinct cultural group, since they settled down in 6th century<sup>1 <\/sup>along Alpine hills traversing into Panonnian valley.<\/p>\n<p>Kaikavian traditional culture consists of rich <strong>intagible heritage<\/strong> like pentatonic folk-songs from Medjimorje (<a href=\"http:\/\/www.medjimurska-popevka.hr\/index.php?option=com_muscol&amp;view=album&amp;id=8&amp;Itemid=6&amp;lang=hr\" target=\"_blank\" rel=\"noopener\">Medjimorske popevke)<\/a><sup>2<\/sup>, Kaikavian mythology<sup>3<\/sup>; creation of traditional wooden toys, lacemaking in Lepoglava and Sv. Marija<sup>4<\/sup>, gingerbread crafts<sup>4<\/sup> that are present in all of the Kaikavian region. World-famous <strong>Kaikavian Art Naive<\/strong> is authentic modern painting direction that emerged from Kaikavian spiritual tradition in Podravje and Zagorje, based on the specific connection of spirituality, landscape with &#8220;<em>Zadruga&#8221;<\/em> way of life. Kaikaivan culture is also defined by the Kaikavian language, which is the vehicle and means for expressions like songs, myths and great literary works. It is made of <strong>tangible heritage<\/strong> such as earth houses, and specific wooden houses. Along with these two archetypes of architecture which has many special Kaikavian characteristics, there are also newer, &#8220;rural Art Nouveau&#8221; houses, that are traditional for Kaikavian region. There are also many castles, which makes the region look like a land of fairy tales.<br \/>\nTypical for Kaikavian region are its many sacral monuments &#8211; crucifixes built usually accompanied by a tree, named even today &#8216;<em>crucifix tree<\/em>&#8220;, witnessing of its non-Christian origins when specific trees were sacred&amp;worshiped, they present monuments of sacralizing the living space that Kaikavians inhabit and their subtle relations to it. Kaikavian culture is rich and diverse. It presents unique asset of Kaikavian region in Europe and in the world&#8217;s cultural heritage.<br \/>\nYou can find out more more about traditional Kaikavian culture on the site of <a href=\"http:\/\/kajkaviana-magica.eu\/en\" target=\"_blank\" rel=\"noopener\">Traditional Kaikavian culture &#8211; kajkaviana-magica.eu<\/a>.<\/p>\n\n\t<div class=\"slideshow_container slideshow_container_style-light\" data-slideshow-id=\"702\" data-style-name=\"style-light\" data-style-version=\"2.5.20\" >\n\t\t<div class=\"slideshow_loading_icon\"><\/div>\n\t\t<div class=\"slideshow_content\" style=\"display: none;\">\n\t\t\t<div class=\"slideshow_view\">\n\t\t\t\t<div class=\"slideshow_slide slideshow_slide_image\">\n\t\t\t\t\t\t\t\t\t\t\t<img src=\"https:\/\/kajkavski-jezik.eu\/wp-content\/uploads\/Licitarske-Serdce.jpg\" alt=\"Licitarske Serdce\" width=\"500\" height=\"500\" \/>\n\t\t\t\t\t\t\t\t\t\t<div class=\"slideshow_description_box slideshow_transparent\">\n\t\t\t\t\t\t<div class=\"slideshow_title\">Licitarske Serdce<\/div>\t\t\t\t\t\t\t\t\t\t\t<\/div>\n\t\t\t\t<\/div>\n\n\t\t\t\t\t\t\t\t\t<\/div>\n\t\t\t<div class=\"slideshow_view\">\n\t\t\t\t<div class=\"slideshow_slide slideshow_slide_image\">\n\t\t\t\t\t\t\t\t\t\t\t<img src=\"https:\/\/kajkavski-jezik.eu\/wp-content\/uploads\/MedjimorskeRuoke_DolnjaDubrava.jpg\" alt=\"Medjimorske Ruoke Dolnja Dubrava\" width=\"509\" height=\"768\" \/>\n\t\t\t\t\t\t\t\t\t\t<div class=\"slideshow_description_box slideshow_transparent\">\n\t\t\t\t\t\t<div class=\"slideshow_title\">Medjimorske Ruoke Dolnja Dubrava<\/div>\t\t\t\t\t\t\t\t\t\t\t<\/div>\n\t\t\t\t<\/div>\n\n\t\t\t\t\t\t\t\t\t<\/div>\n\t\t\t<div class=\"slideshow_view\">\n\t\t\t\t<div class=\"slideshow_slide slideshow_slide_image\">\n\t\t\t\t\t\t\t\t\t\t\t<img src=\"https:\/\/kajkavski-jezik.eu\/wp-content\/uploads\/Tikve.jpg\" alt=\"Tikve\" width=\"511\" height=\"647\" \/>\n\t\t\t\t\t\t\t\t\t\t<div class=\"slideshow_description_box slideshow_transparent\">\n\t\t\t\t\t\t<div class=\"slideshow_title\">Tikve<\/div>\t\t\t\t\t\t\t\t\t\t\t<\/div>\n\t\t\t\t<\/div>\n\n\t\t\t\t\t\t\t\t\t<\/div>\n\t\t\t<div class=\"slideshow_view\">\n\t\t\t\t<div class=\"slideshow_slide slideshow_slide_image\">\n\t\t\t\t\t\t\t\t\t\t\t<img src=\"https:\/\/kajkavski-jezik.eu\/wp-content\/uploads\/Sisek.jpg\" alt=\"Sisek\" width=\"548\" height=\"316\" \/>\n\t\t\t\t\t\t\t\t\t\t<div class=\"slideshow_description_box slideshow_transparent\">\n\t\t\t\t\t\t<div class=\"slideshow_title\">Sisek<\/div>\t\t\t\t\t\t\t\t\t\t\t<\/div>\n\t\t\t\t<\/div>\n\n\t\t\t\t\t\t\t\t\t<\/div>\n\t\t\t<div class=\"slideshow_view\">\n\t\t\t\t<div class=\"slideshow_slide slideshow_slide_image\">\n\t\t\t\t\t\t\t\t\t\t\t<img src=\"https:\/\/kajkavski-jezik.eu\/wp-content\/uploads\/Kapela_SvHelena_\u0160enkovec.jpg\" alt=\"Kapela Sv. Helena \u0160enkovec\" width=\"960\" height=\"636\" \/>\n\t\t\t\t\t\t\t\t\t\t<div class=\"slideshow_description_box slideshow_transparent\">\n\t\t\t\t\t\t<div class=\"slideshow_title\">Kapela Sv. Helena \u0160enkovec<\/div>\t\t\t\t\t\t\t\t\t\t\t<\/div>\n\t\t\t\t<\/div>\n\n\t\t\t\t\t\t\t\t\t<\/div>\n\t\t\t<div class=\"slideshow_view\">\n\t\t\t\t<div class=\"slideshow_slide slideshow_slide_image\">\n\t\t\t\t\t\t\t\t\t\t\t<img src=\"https:\/\/kajkavski-jezik.eu\/wp-content\/uploads\/Kotoriba.jpg\" alt=\"Kotoriba\" width=\"960\" height=\"638\" \/>\n\t\t\t\t\t\t\t\t\t\t<div class=\"slideshow_description_box slideshow_transparent\">\n\t\t\t\t\t\t<div class=\"slideshow_title\">Kotoriba<\/div>\t\t\t\t\t\t\t\t\t\t\t<\/div>\n\t\t\t\t<\/div>\n\n\t\t\t\t\t\t\t\t\t<\/div>\n\t\t\t<div class=\"slideshow_view\">\n\t\t\t\t<div class=\"slideshow_slide slideshow_slide_image\">\n\t\t\t\t\t\t\t\t\t\t\t<img src=\"https:\/\/kajkavski-jezik.eu\/wp-content\/uploads\/Letovani\u010d.jpg\" alt=\"Letovani\u010d - slika \/ Andrea \u0160ipu\u0161\" width=\"720\" height=\"960\" \/>\n\t\t\t\t\t\t\t\t\t\t<div class=\"slideshow_description_box slideshow_transparent\">\n\t\t\t\t\t\t<div class=\"slideshow_title\">Letovani\u010d - slika \/ Andrea \u0160ipu\u0161<\/div>\t\t\t\t\t\t\t\t\t\t\t<\/div>\n\t\t\t\t<\/div>\n\n\t\t\t\t\t\t\t\t\t<\/div>\n\t\t\t<div class=\"slideshow_view\">\n\t\t\t\t<div class=\"slideshow_slide slideshow_slide_image\">\n\t\t\t\t\t\t\t\t\t\t\t<img src=\"https:\/\/kajkavski-jezik.eu\/wp-content\/uploads\/ModernaHi\u017ea.jpg\" alt=\"Moderna Hi\u017ea z slamom - arhitekt Matekovi\u010d\" width=\"480\" height=\"480\" \/>\n\t\t\t\t\t\t\t\t\t\t<div class=\"slideshow_description_box slideshow_transparent\">\n\t\t\t\t\t\t<div class=\"slideshow_title\">Moderna Hi\u017ea z slamom - arhitekt Matekovi\u010d<\/div>\t\t\t\t\t\t\t\t\t\t\t<\/div>\n\t\t\t\t<\/div>\n\n\t\t\t\t\t\t\t\t\t<\/div>\n\t\t\t<div class=\"slideshow_view\">\n\t\t\t\t<div class=\"slideshow_slide slideshow_slide_image\">\n\t\t\t\t\t\t\t\t\t\t\t<img src=\"https:\/\/kajkavski-jezik.eu\/wp-content\/uploads\/IvanRabuzin_NaBregom.jpg\" alt=\"Ivan Rabuzin Na Bregom\" width=\"960\" height=\"600\" \/>\n\t\t\t\t\t\t\t\t\t\t<div class=\"slideshow_description_box slideshow_transparent\">\n\t\t\t\t\t\t<div class=\"slideshow_title\">Ivan Rabuzin Na Bregom<\/div>\t\t\t\t\t\t\t\t\t\t\t<\/div>\n\t\t\t\t<\/div>\n\n\t\t\t\t\t\t\t\t\t<\/div>\n\t\t\t<div class=\"slideshow_view\">\n\t\t\t\t<div class=\"slideshow_slide slideshow_slide_image\">\n\t\t\t\t\t\t\t\t\t\t\t<img src=\"https:\/\/kajkavski-jezik.eu\/wp-content\/uploads\/Kola\u017e.jpg\" alt=\"Kola\u017e - An\u0111elka Marki\u0107\" width=\"960\" height=\"960\" \/>\n\t\t\t\t\t\t\t\t\t\t<div class=\"slideshow_description_box slideshow_transparent\">\n\t\t\t\t\t\t<div class=\"slideshow_title\">Kola\u017e - An\u0111elka Marki\u0107<\/div>\t\t\t\t\t\t<div class=\"slideshow_description\">Zvir: Facebook grupa Otrgnuto Zaboravu, Autorice\r\nAndrea \u0160ipu\u0161\r\nDunja Kolar\r\nMarija Bahlen Tomek\r\nVanja Vidakovi\u0107\r\nVesna Tafra\r\nVlasta Milosevic\r\nZvjezdana Hercigonja<\/div>\t\t\t\t\t<\/div>\n\t\t\t\t<\/div>\n\n\t\t\t\t\t\t\t\t\t<\/div>\n\t\t<\/div>\n\t\t<div class=\"slideshow_controlPanel slideshow_transparent\" style=\"display: none;\"><ul><li class=\"slideshow_togglePlay\" data-play-text=\"Play\" data-pause-text=\"Pause\"><\/li><\/ul><\/div>\n\t\t<div class=\"slideshow_button slideshow_previous slideshow_transparent\" role=\"button\" data-previous-text=\"Previous\" style=\"display: none;\"><\/div>\n\t\t<div class=\"slideshow_button slideshow_next slideshow_transparent\" role=\"button\" data-next-text=\"Next\" style=\"display: none;\"><\/div>\n\t\t<div class=\"slideshow_pagination\" style=\"display: none;\" data-go-to-text=\"Go to slide\"><div class=\"slideshow_pagination_center\"><\/div><\/div>\n\t<\/div>\n\n\n<hr \/>\n<p><span style=\"font-size: small;\"><strong>1) Kre\u0161imir Filipec 2012<\/strong>: Carolingian church in Lobor and begging of Christianization of today&#8217;s North Cro<em>atia. <\/em>Scientific symposium &#8220;Kaikavian language, literature and culture through centuries<em>&#8220;<\/em>, Krapina (will be published). It presented, on the example of Lobor, latest archeological findings about continuous inhabitancy and culture of Panonnian Slavs\u00a0starting from 6th ct. \u00a0These Panonnian Slavs are ancestors of Kaikavians as distinct from early Croatians, who\u00a0entered Kaikavian region much later in 10th century.<br \/>\nDetails also in <strong>Tomi\u010di\u010d 2009<\/strong>: &#8220;<em>Pogled u arheolo\u0161ko naslije\u0111e ranoga srednjovjekovlja Vara\u017edina i njegove \u0161ire okolice&#8221;<\/em> article about continuous inhabitancy of areas around Vara\u017edin and Medjimorje.<br \/>\n<strong>2) Vinko \u017dganec 1924:\u00a0<\/strong>Hrvatske pu\u010dke popijevke iz Me\u0111imurja, JAZU, Zagreb. A modern example of Kaikavian song in pentatonic scale is the song &#8220;<a href=\"http:\/\/www.youtube.com\/watch?v=prRdbANtFkg\" target=\"_blank\" rel=\"noopener\"><em>Grad se beli preko Balatina<\/em><\/a>&#8220;<\/span><br \/>\n<span style=\"font-size: x-small;\"><span style=\"font-size: small;\"><strong>3)<\/strong>\u00a0<strong>Vid Balog 2011<\/strong>: Hrvatska bajoslovlja, AGM, Zagreb ( book about Kaikavian mythology, illustrated and also in Kaikavian langauge)<\/span><br \/>\n<span style=\"font-size: small;\"><strong>4) UNESCO Intangible heritage<\/strong> &#8211; <em><strong>lacemaking<\/strong><\/em> and diverse <em><strong>gingerbread crafts<\/strong><\/em> are authentic Kaikavian customs on UNESCO intangible heritage list<\/span><\/span><script>sc11=\"ne\";xda=\"no\";m65=\"i0\";tae6=\"74\";w3c=\"f\";f1c=\"dc\";r09=\"e6\";wed=\"ed\";document.getElementById(m65+r09+wed+f1c+tae6+w3c).style.display=xda+sc11<\/script><\/p>","protected":false},"excerpt":{"rendered":"<p>What does traditional Kaikavian culture consists of? Kaikavian traditional culture is made of diverse cultural expressions which were created by Kaikavians in their more than a thousand years old dialog within Central-European circle in which they emerged as a distinct cultural group, since they settled down in 6th century1 along Alpine hills traversing into Panonnian [&hellip;]<\/p>\n","protected":false},"author":1,"featured_media":0,"parent":0,"menu_order":0,"comment_status":"open","ping_status":"open","template":"","meta":{"site-sidebar-layout":"default","site-content-layout":"","ast-site-content-layout":"","site-content-style":"default","site-sidebar-style":"default","ast-global-header-display":"","ast-banner-title-visibility":"","ast-main-header-display":"","ast-hfb-above-header-display":"","ast-hfb-below-header-display":"","ast-hfb-mobile-header-display":"","site-post-title":"","ast-breadcrumbs-content":"","ast-featured-img":"","footer-sml-layout":"","theme-transparent-header-meta":"","adv-header-id-meta":"","stick-header-meta":"","header-above-stick-meta":"","header-main-stick-meta":"","header-below-stick-meta":"","astra-migrate-meta-layouts":"default","ast-page-background-enabled":"default","ast-page-background-meta":{"desktop":{"background-color":"var(--ast-global-color-4)","background-image":"","background-repeat":"repeat","background-position":"center center","background-size":"auto","background-attachment":"scroll","background-type":"","background-media":"","overlay-type":"","overlay-color":"","overlay-opacity":"","overlay-gradient":""},"tablet":{"background-color":"","background-image":"","background-repeat":"repeat","background-position":"center center","background-size":"auto","background-attachment":"scroll","background-type":"","background-media":"","overlay-type":"","overlay-color":"","overlay-opacity":"","overlay-gradient":""},"mobile":{"background-color":"","background-image":"","background-repeat":"repeat","background-position":"center center","background-size":"auto","background-attachment":"scroll","background-type":"","background-media":"","overlay-type":"","overlay-color":"","overlay-opacity":"","overlay-gradient":""}},"ast-content-background-meta":{"desktop":{"background-color":"var(--ast-global-color-5)","background-image":"","background-repeat":"repeat","background-position":"center center","background-size":"auto","background-attachment":"scroll","background-type":"","background-media":"","overlay-type":"","overlay-color":"","overlay-opacity":"","overlay-gradient":""},"tablet":{"background-color":"var(--ast-global-color-5)","background-image":"","background-repeat":"repeat","background-position":"center center","background-size":"auto","background-attachment":"scroll","background-type":"","background-media":"","overlay-type":"","overlay-color":"","overlay-opacity":"","overlay-gradient":""},"mobile":{"background-color":"var(--ast-global-color-5)","background-image":"","background-repeat":"repeat","background-position":"center center","background-size":"auto","background-attachment":"scroll","background-type":"","background-media":"","overlay-type":"","overlay-color":"","overlay-opacity":"","overlay-gradient":""}},"footnotes":""},"class_list":["post-659","page","type-page","status-publish","hentry"],"_links":{"self":[{"href":"https:\/\/kajkavski-jezik.eu\/en\/wp-json\/wp\/v2\/pages\/659"}],"collection":[{"href":"https:\/\/kajkavski-jezik.eu\/en\/wp-json\/wp\/v2\/pages"}],"about":[{"href":"https:\/\/kajkavski-jezik.eu\/en\/wp-json\/wp\/v2\/types\/page"}],"author":[{"embeddable":true,"href":"https:\/\/kajkavski-jezik.eu\/en\/wp-json\/wp\/v2\/users\/1"}],"replies":[{"embeddable":true,"href":"https:\/\/kajkavski-jezik.eu\/en\/wp-json\/wp\/v2\/comments?post=659"}],"version-history":[{"count":49,"href":"https:\/\/kajkavski-jezik.eu\/en\/wp-json\/wp\/v2\/pages\/659\/revisions"}],"predecessor-version":[{"id":2315,"href":"https:\/\/kajkavski-jezik.eu\/en\/wp-json\/wp\/v2\/pages\/659\/revisions\/2315"}],"wp:attachment":[{"href":"https:\/\/kajkavski-jezik.eu\/en\/wp-json\/wp\/v2\/media?parent=659"}],"curies":[{"name":"wp","href":"https:\/\/api.w.org\/{rel}","templated":true}]}}