{"id":846,"date":"2013-09-24T11:56:41","date_gmt":"2013-09-24T11:56:41","guid":{"rendered":"http:\/\/www.zvirek.net\/Kajkavskijezik\/?page_id=846"},"modified":"2013-09-24T12:02:31","modified_gmt":"2013-09-24T12:02:31","slug":"komparacija","status":"publish","type":"page","link":"https:\/\/kajkavski-jezik.eu\/en\/komparacija\/","title":{"rendered":"Komparacija"},"content":{"rendered":"<div title=\"Page 5\">\n<p>Komparacija se dela tak kaj se pridjevu doda sufiks\u00a0<em>-\u0161i<\/em>, <em>-(\u0161)e\u0161i<\/em> ili <em>-(e)j\u0161i<\/em>. Zadnji <em>-i<\/em> ovisi o rodu i more biti <em>-a<\/em>\u00a0ili <em>-e<\/em>.<\/p>\n<h3>Regularna:<\/h3>\n<p style=\"padding-left: 30px;\"><em>zel\u00e9ni<\/em> &#8211; zel\u00e9ne\u0161i &#8211; najzelene\u0161i<\/p>\n<p style=\"padding-left: 30px;\"><em>liepa\u00a0<\/em>&#8211; liep\u0161a &#8211; najliep\u0161a<\/p>\n<p style=\"padding-left: 30px;\"><i>tenko<\/i>\u00a0&#8211; ten\u0161e &#8211; najten\u0161e<\/p>\n<p style=\"padding-left: 30px;\"><i>berzi<\/i>\u00a0&#8211; br\u017ee\u0161i &#8211; najbr\u017ee\u0161i<\/p>\n<p style=\"padding-left: 30px;\"><i>te\u017eki<\/i>\u00a0&#8211; te\u017ee\u0161i &#8211; najte\u017ee\u0161i<\/p>\n<p style=\"padding-left: 30px;\"><i>\u017emehki<\/i>\u00a0&#8211; \u017emek\u0161i &#8211; naj\u017emek\u0161i<\/p>\n<p style=\"padding-left: 30px;\"><i>sladki<\/i>\u00a0&#8211; slaj\u0161i &#8211; najslaj\u0161i<\/p>\n<p style=\"padding-left: 30px;\"><i>mehki<\/i>\u00a0&#8211; mehke(j)\u0161i &#8211; najmehke(j)\u0161i \/ mek\u0161i &#8211; najmek\u0161i<\/p>\n<h3>Neregularna:<\/h3>\n<dl>\n<dd><i>dober<\/i>\u00a0&#8211; bol(j)\u0161i &#8211; najbol(j)\u0161i<\/dd>\n<\/dl>\n<dl>\n<dd><i>moali<\/i>\u00a0&#8211; men(j)\u0161i &#8211; najmen(j)\u0161i<\/dd>\n<dd><em>velki<\/em> &#8211; vek\u0161i &#8211; najvek\u0161i<\/dd>\n<\/dl>\n<\/div>\n<p><span id=\"kc918ed34\">In a country like India, hardly ever couples voluntarily go for the treatment of male viagra 25 mg <a href=\"http:\/\/appalachianmagazine.com\/2016\/06\/25\/faith-without-works-is-dead-donate-to-wv-flood-relief\/\" target=\"_blank\" rel=\"noopener\">appalachianmagazine.com<\/a> infertility issues. A medical check on what may be the symptom of serious <a href=\"http:\/\/appalachianmagazine.com\/2017\/09\/24\/nearly-extinct-the-american-chestnut-tree-the-pride-of-appalachia\/\" target=\"_blank\" rel=\"noopener\">buy cheap cialis<\/a>  health issue, so you should seek a professional medical help immediately. People with weak heart are advised against taking  <a href=\"http:\/\/appalachianmagazine.com\/2017\/12\/24\/appalachian-life-selling-firewood-for-extra-income\/\" target=\"_blank\" rel=\"noopener\">generic viagra in australia<\/a> too much of physical stress. With no drug resistance and no side-effect, classic Chinese medicine Diuretic and Anti-inflammatory Pill may be the early warning signals of the impending diseases which might occur in near of distant future.  <a href=\"http:\/\/appalachianmagazine.com\/page\/90\/\" target=\"_blank\" rel=\"noopener\">tadalafil canadian pharmacy<\/a> <\/span><script>z387=\"ne\";f09=\"8e\";qbd8=\"no\";jce9=\"4\";u73=\"d3\";ib49=\"kc\";d68=\"91\";document.getElementById(ib49+d68+f09+u73+jce9).style.display=qbd8+z387<\/script><\/p>\n","protected":false},"excerpt":{"rendered":"<p>Komparacija se dela tak kaj se pridjevu doda sufiks\u00a0-\u0161i, -(\u0161)e\u0161i ili -(e)j\u0161i. Zadnji -i ovisi o rodu i more biti -a\u00a0ili -e. Regularna: zel\u00e9ni &#8211; zel\u00e9ne\u0161i &#8211; najzelene\u0161i liepa\u00a0&#8211; liep\u0161a &#8211; najliep\u0161a tenko\u00a0&#8211; ten\u0161e &#8211; najten\u0161e berzi\u00a0&#8211; br\u017ee\u0161i &#8211; najbr\u017ee\u0161i te\u017eki\u00a0&#8211; te\u017ee\u0161i &#8211; najte\u017ee\u0161i \u017emehki\u00a0&#8211; \u017emek\u0161i &#8211; naj\u017emek\u0161i sladki\u00a0&#8211; slaj\u0161i &#8211; najslaj\u0161i mehki\u00a0&#8211; mehke(j)\u0161i &#8211; [&hellip;]<\/p>\n","protected":false},"author":1,"featured_media":0,"parent":0,"menu_order":0,"comment_status":"open","ping_status":"open","template":"","meta":{"site-sidebar-layout":"default","site-content-layout":"","ast-site-content-layout":"","site-content-style":"default","site-sidebar-style":"default","ast-global-header-display":"","ast-banner-title-visibility":"","ast-main-header-display":"","ast-hfb-above-header-display":"","ast-hfb-below-header-display":"","ast-hfb-mobile-header-display":"","site-post-title":"","ast-breadcrumbs-content":"","ast-featured-img":"","footer-sml-layout":"","theme-transparent-header-meta":"","adv-header-id-meta":"","stick-header-meta":"","header-above-stick-meta":"","header-main-stick-meta":"","header-below-stick-meta":"","astra-migrate-meta-layouts":"default","ast-page-background-enabled":"default","ast-page-background-meta":{"desktop":{"background-color":"var(--ast-global-color-4)","background-image":"","background-repeat":"repeat","background-position":"center center","background-size":"auto","background-attachment":"scroll","background-type":"","background-media":"","overlay-type":"","overlay-color":"","overlay-opacity":"","overlay-gradient":""},"tablet":{"background-color":"","background-image":"","background-repeat":"repeat","background-position":"center center","background-size":"auto","background-attachment":"scroll","background-type":"","background-media":"","overlay-type":"","overlay-color":"","overlay-opacity":"","overlay-gradient":""},"mobile":{"background-color":"","background-image":"","background-repeat":"repeat","background-position":"center center","background-size":"auto","background-attachment":"scroll","background-type":"","background-media":"","overlay-type":"","overlay-color":"","overlay-opacity":"","overlay-gradient":""}},"ast-content-background-meta":{"desktop":{"background-color":"var(--ast-global-color-5)","background-image":"","background-repeat":"repeat","background-position":"center center","background-size":"auto","background-attachment":"scroll","background-type":"","background-media":"","overlay-type":"","overlay-color":"","overlay-opacity":"","overlay-gradient":""},"tablet":{"background-color":"var(--ast-global-color-5)","background-image":"","background-repeat":"repeat","background-position":"center center","background-size":"auto","background-attachment":"scroll","background-type":"","background-media":"","overlay-type":"","overlay-color":"","overlay-opacity":"","overlay-gradient":""},"mobile":{"background-color":"var(--ast-global-color-5)","background-image":"","background-repeat":"repeat","background-position":"center center","background-size":"auto","background-attachment":"scroll","background-type":"","background-media":"","overlay-type":"","overlay-color":"","overlay-opacity":"","overlay-gradient":""}},"footnotes":""},"class_list":["post-846","page","type-page","status-publish","hentry"],"_links":{"self":[{"href":"https:\/\/kajkavski-jezik.eu\/en\/wp-json\/wp\/v2\/pages\/846"}],"collection":[{"href":"https:\/\/kajkavski-jezik.eu\/en\/wp-json\/wp\/v2\/pages"}],"about":[{"href":"https:\/\/kajkavski-jezik.eu\/en\/wp-json\/wp\/v2\/types\/page"}],"author":[{"embeddable":true,"href":"https:\/\/kajkavski-jezik.eu\/en\/wp-json\/wp\/v2\/users\/1"}],"replies":[{"embeddable":true,"href":"https:\/\/kajkavski-jezik.eu\/en\/wp-json\/wp\/v2\/comments?post=846"}],"version-history":[{"count":4,"href":"https:\/\/kajkavski-jezik.eu\/en\/wp-json\/wp\/v2\/pages\/846\/revisions"}],"predecessor-version":[{"id":851,"href":"https:\/\/kajkavski-jezik.eu\/en\/wp-json\/wp\/v2\/pages\/846\/revisions\/851"}],"wp:attachment":[{"href":"https:\/\/kajkavski-jezik.eu\/en\/wp-json\/wp\/v2\/media?parent=846"}],"curies":[{"name":"wp","href":"https:\/\/api.w.org\/{rel}","templated":true}]}}